{"id":9712,"date":"2025-10-22T12:45:09","date_gmt":"2025-10-22T17:45:09","guid":{"rendered":"https:\/\/www.pensionadoatahualpa.edu.ec\/web\/?page_id=9712"},"modified":"2025-10-22T13:16:48","modified_gmt":"2025-10-22T18:16:48","slug":"sala-de-profesores","status":"publish","type":"page","link":"https:\/\/www.pensionadoatahualpa.edu.ec\/web\/sala-de-profesores\/","title":{"rendered":"SALA DE PROFESORES"},"content":{"rendered":"[vc_row][vc_column][vc_single_image image=\u00bb9714&#8243; img_size=\u00bbfull\u00bb alignment=\u00bbcenter\u00bb css_animation=\u00bbfadeInUp\u00bb][\/vc_column][\/vc_row][vc_row][vc_column][vc_column_text css=\u00bb.vc_custom_1761156523203{margin-bottom: 0px !important;}\u00bb]\n<h1 style=\"text-align: center;\"><strong><span style=\"color: #232449;\">Nueva Sala de Profesores<\/span><\/strong><\/h1>\n<h2><span style=\"color: #232449;\">Un Nuevo Espacio para Quienes Inspiran<\/span><\/h2>\n<p>En la Unidad Educativa Internacional Pensionado Atahualpa, valoramos profundamente la labor y el bienestar de nuestro equipo docente. Por ello, con gran entusiasmo, hemos inaugurado nuestra <b>Nueva Sala de Profesores<\/b>.<\/p>\n<p>Este espacio ha sido dise\u00f1ado meticulosamente para ser un verdadero centro de apoyo y colaboraci\u00f3n, un lugar donde la excelencia educativa florece:<\/p>\n<ul>\n<li><b>Planificaci\u00f3n y Colaboraci\u00f3n:<\/b> Un ambiente c\u00f3modo y equipado para la planificaci\u00f3n de clases, reuniones productivas y la conversaci\u00f3n entre colegas, impulsando nuevas ideas pedag\u00f3gicas.<\/li>\n<li><b>Atenci\u00f3n y Orientaci\u00f3n:<\/b> Un espacio profesional para recibir a estudiantes con la privacidad y calidez necesarias.<\/li>\n<li><b>Bienestar y Descanso:<\/b> Un rinc\u00f3n para distenderse, recargar energ\u00edas y disfrutar de un merecido descanso entre jornadas.<\/li>\n<\/ul>\n<p>La Nueva Sala de Profesores es nuestro compromiso con un ambiente de trabajo que fomenta el compa\u00f1erismo y la dedicaci\u00f3n. \u00a1Un espacio pensado para quienes construyen el futuro cada d\u00eda![\/vc_column_text][\/vc_column][\/vc_row][vc_row][vc_column width=\u00bb1\/3&#8243;][vc_single_image image=\u00bb9721&#8243; img_size=\u00bbfull\u00bb][\/vc_column][vc_column width=\u00bb1\/3&#8243;][vc_single_image image=\u00bb9722&#8243; img_size=\u00bbfull\u00bb][\/vc_column][vc_column width=\u00bb1\/3&#8243;][vc_single_image image=\u00bb9723&#8243; img_size=\u00bbfull\u00bb][\/vc_column][\/vc_row][vc_row][vc_column width=\u00bb1\/2&#8243;][vc_single_image image=\u00bb9724&#8243; img_size=\u00bbfull\u00bb][\/vc_column][vc_column width=\u00bb1\/2&#8243;][vc_single_image image=\u00bb9725&#8243; img_size=\u00bbfull\u00bb][\/vc_column][\/vc_row][vc_row][vc_column][vc_column_text css=\u00bb.vc_custom_1761156454426{margin-bottom: 0px !important;}\u00bb]\n<h1 style=\"text-align: center;\"><strong><span style=\"color: #232449;\">Sala de Profesores<\/span><\/strong><\/h1>\n[\/vc_column_text][\/vc_column][\/vc_row][vc_row][vc_column][vc_video link=\u00bbhttps:\/\/youtu.be\/Fu80PEXTaU4&#8243; autoplay=\u00bbtrue\u00bb][\/vc_column][\/vc_row][vc_row][vc_column][vc_empty_space][\/vc_column][\/vc_row]\n","protected":false},"excerpt":{"rendered":"<p>[vc_row][vc_column][vc_single_image image=\u00bb9714&#8243; img_size=\u00bbfull\u00bb alignment=\u00bbcenter\u00bb css_animation=\u00bbfadeInUp\u00bb][\/vc_column][\/vc_row][vc_row][vc_column][vc_column_text css=\u00bb.vc_custom_1761156523203{margin-bottom: 0px !important;}\u00bb] Nueva Sala de Profesores Un Nuevo Espacio para Quienes Inspiran En la Unidad Educativa Internacional Pensionado Atahualpa, valoramos profundamente la labor y el bienestar de nuestro equipo docente. Por ello, con gran entusiasmo, hemos inaugurado nuestra Nueva Sala de Profesores. Este espacio ha sido dise\u00f1ado meticulosamente para [&hellip;]<\/p>\n","protected":false},"author":877,"featured_media":0,"parent":0,"menu_order":0,"comment_status":"closed","ping_status":"closed","template":"","meta":{"_monsterinsights_skip_tracking":false,"_monsterinsights_sitenote_active":false,"_monsterinsights_sitenote_note":"","_monsterinsights_sitenote_category":0},"yst_prominent_words":[],"_links":{"self":[{"href":"https:\/\/www.pensionadoatahualpa.edu.ec\/web\/wp-json\/wp\/v2\/pages\/9712"}],"collection":[{"href":"https:\/\/www.pensionadoatahualpa.edu.ec\/web\/wp-json\/wp\/v2\/pages"}],"about":[{"href":"https:\/\/www.pensionadoatahualpa.edu.ec\/web\/wp-json\/wp\/v2\/types\/page"}],"author":[{"embeddable":true,"href":"https:\/\/www.pensionadoatahualpa.edu.ec\/web\/wp-json\/wp\/v2\/users\/877"}],"replies":[{"embeddable":true,"href":"https:\/\/www.pensionadoatahualpa.edu.ec\/web\/wp-json\/wp\/v2\/comments?post=9712"}],"version-history":[{"count":9,"href":"https:\/\/www.pensionadoatahualpa.edu.ec\/web\/wp-json\/wp\/v2\/pages\/9712\/revisions"}],"predecessor-version":[{"id":9728,"href":"https:\/\/www.pensionadoatahualpa.edu.ec\/web\/wp-json\/wp\/v2\/pages\/9712\/revisions\/9728"}],"wp:attachment":[{"href":"https:\/\/www.pensionadoatahualpa.edu.ec\/web\/wp-json\/wp\/v2\/media?parent=9712"}],"wp:term":[{"taxonomy":"yst_prominent_words","embeddable":true,"href":"https:\/\/www.pensionadoatahualpa.edu.ec\/web\/wp-json\/wp\/v2\/yst_prominent_words?post=9712"}],"curies":[{"name":"wp","href":"https:\/\/api.w.org\/{rel}","templated":true}]}}