{"id":9658,"date":"2025-10-20T10:34:19","date_gmt":"2025-10-20T15:34:19","guid":{"rendered":"https:\/\/www.pensionadoatahualpa.edu.ec\/web\/?page_id=9658"},"modified":"2025-10-20T12:05:25","modified_gmt":"2025-10-20T17:05:25","slug":"teatro","status":"publish","type":"page","link":"https:\/\/www.pensionadoatahualpa.edu.ec\/web\/teatro\/","title":{"rendered":"TEATRO"},"content":{"rendered":"[vc_row][vc_column][vc_single_image image=\u00bb9659&#8243; img_size=\u00bbfull\u00bb alignment=\u00bbcenter\u00bb][\/vc_column][\/vc_row][vc_row][vc_column][\/vc_column][\/vc_row][vc_row][vc_column][vc_column_text css=\u00bb.vc_custom_1760979921953{margin-bottom: 0px !important;}\u00bb]\n<h1 style=\"text-align: center;\"><strong>Teatro<\/strong><\/h1>\n<p>Descubre el vibrante coraz\u00f3n art\u00edstico de nuestra instituci\u00f3n: nuestro Teatro.<\/p>\n<p>Este espacio moderno y completamente equipado es el escenario donde los talentos florecen, las ideas toman forma y nuestra comunidad se une. Es el punto de encuentro para celebrar eventos acad\u00e9micos, obras de teatro, recitales y ceremonias institucionales.<\/p>\n<p>\u00a1Un lugar dise\u00f1ado para que la creatividad y la expresi\u00f3n sean protagonistas![\/vc_column_text][vc_empty_space][\/vc_column][\/vc_row][vc_row][vc_column width=\u00bb1\/3&#8243;][vc_single_image image=\u00bb9663&#8243; img_size=\u00bbfull\u00bb][\/vc_column][vc_column width=\u00bb1\/3&#8243;][vc_single_image image=\u00bb9664&#8243; img_size=\u00bbfull\u00bb][\/vc_column][vc_column width=\u00bb1\/3&#8243;][vc_single_image image=\u00bb9666&#8243; img_size=\u00bbfull\u00bb][\/vc_column][\/vc_row][vc_row][vc_column][vc_column_text css=\u00bb.vc_custom_1760979560080{margin-bottom: 0px !important;}\u00bb]\n<h1 style=\"text-align: center;\">\u00a1NUESTRO NUEVO TEATRO!<\/h1>\n[\/vc_column_text][\/vc_column][\/vc_row][vc_row][vc_column][vc_empty_space][vc_video link=\u00bbhttps:\/\/youtu.be\/8qXbKcbXWWI\u00bb autoplay=\u00bbtrue\u00bb][\/vc_column][\/vc_row][vc_row][vc_column][vc_empty_space][\/vc_column][\/vc_row]\n","protected":false},"excerpt":{"rendered":"<p>[vc_row][vc_column][vc_single_image image=\u00bb9659&#8243; img_size=\u00bbfull\u00bb alignment=\u00bbcenter\u00bb][\/vc_column][\/vc_row][vc_row][vc_column][\/vc_column][\/vc_row][vc_row][vc_column][vc_column_text css=\u00bb.vc_custom_1760979921953{margin-bottom: 0px !important;}\u00bb] Teatro Descubre el vibrante coraz\u00f3n art\u00edstico de nuestra instituci\u00f3n: nuestro Teatro. Este espacio moderno y completamente equipado es el escenario donde los talentos florecen, las ideas toman forma y nuestra comunidad se une. Es el punto de encuentro para celebrar eventos acad\u00e9micos, obras de teatro, recitales y ceremonias [&hellip;]<\/p>\n","protected":false},"author":877,"featured_media":0,"parent":0,"menu_order":0,"comment_status":"closed","ping_status":"closed","template":"","meta":{"_monsterinsights_skip_tracking":false,"_monsterinsights_sitenote_active":false,"_monsterinsights_sitenote_note":"","_monsterinsights_sitenote_category":0},"yst_prominent_words":[],"_links":{"self":[{"href":"https:\/\/www.pensionadoatahualpa.edu.ec\/web\/wp-json\/wp\/v2\/pages\/9658"}],"collection":[{"href":"https:\/\/www.pensionadoatahualpa.edu.ec\/web\/wp-json\/wp\/v2\/pages"}],"about":[{"href":"https:\/\/www.pensionadoatahualpa.edu.ec\/web\/wp-json\/wp\/v2\/types\/page"}],"author":[{"embeddable":true,"href":"https:\/\/www.pensionadoatahualpa.edu.ec\/web\/wp-json\/wp\/v2\/users\/877"}],"replies":[{"embeddable":true,"href":"https:\/\/www.pensionadoatahualpa.edu.ec\/web\/wp-json\/wp\/v2\/comments?post=9658"}],"version-history":[{"count":5,"href":"https:\/\/www.pensionadoatahualpa.edu.ec\/web\/wp-json\/wp\/v2\/pages\/9658\/revisions"}],"predecessor-version":[{"id":9668,"href":"https:\/\/www.pensionadoatahualpa.edu.ec\/web\/wp-json\/wp\/v2\/pages\/9658\/revisions\/9668"}],"wp:attachment":[{"href":"https:\/\/www.pensionadoatahualpa.edu.ec\/web\/wp-json\/wp\/v2\/media?parent=9658"}],"wp:term":[{"taxonomy":"yst_prominent_words","embeddable":true,"href":"https:\/\/www.pensionadoatahualpa.edu.ec\/web\/wp-json\/wp\/v2\/yst_prominent_words?post=9658"}],"curies":[{"name":"wp","href":"https:\/\/api.w.org\/{rel}","templated":true}]}}