{"id":9552,"date":"2025-10-14T07:50:19","date_gmt":"2025-10-14T12:50:19","guid":{"rendered":"https:\/\/www.pensionadoatahualpa.edu.ec\/web\/?page_id=9552"},"modified":"2025-10-20T09:40:48","modified_gmt":"2025-10-20T14:40:48","slug":"biblioteca","status":"publish","type":"page","link":"https:\/\/www.pensionadoatahualpa.edu.ec\/web\/biblioteca\/","title":{"rendered":"BIBLIOTECA"},"content":{"rendered":"[vc_row][vc_column][vc_single_image image=\u00bb9555&#8243; img_size=\u00bbfull\u00bb alignment=\u00bbcenter\u00bb css_animation=\u00bbfadeInUp\u00bb][\/vc_column][\/vc_row][vc_row][vc_column][vc_column_text css=\u00bb.vc_custom_1760449413181{margin-bottom: 0px !important;}\u00bb]\n<h1 style=\"text-align: left;\"><strong>Biblioteca del Pensionado Atahualpa<\/strong><\/h1>\n[\/vc_column_text][\/vc_column][\/vc_row][vc_row][vc_column][vc_column_text css=\u00bb.vc_custom_1760484950621{margin-bottom: 0px !important;}\u00bb]\n<p data-start=\"158\" data-end=\"497\">Nuestra biblioteca es un espacio moderno y acogedor dise\u00f1ado para fomentar el aprendizaje, la lectura y la investigaci\u00f3n. Cuenta con una amplia colecci\u00f3n de libros de distintas \u00e1reas del conocimiento, as\u00ed como con computadoras de acceso libre que permiten realizar consultas digitales y trabajos acad\u00e9micos.<\/p>\n<p data-start=\"499\" data-end=\"807\">Su infraestructura incluye espacios c\u00f3modos de lectura, mesas de trabajo grupal y un ambiente tranquilo que invita a la concentraci\u00f3n y al estudio. La biblioteca est\u00e1 pensada para atender a estudiantes, docentes y visitantes, brindando un entorno que combina la tecnolog\u00eda con el amor por los libros.<\/p>\n<p data-start=\"809\" data-end=\"1012\">M\u00e1s que un lugar para consultar informaci\u00f3n, la Biblioteca del Pensionado Atahualpa es un punto de encuentro para el conocimiento, la reflexi\u00f3n y el desarrollo intelectual de toda la comunidad educativa.<\/p>\n[\/vc_column_text][\/vc_column][\/vc_row][vc_row][vc_column][vc_column_text css=\u00bb.vc_custom_1760449618781{margin-bottom: 0px !important;}\u00bb]\n<h1><strong>Servicios Disponibles<\/strong><\/h1>\n[\/vc_column_text][\/vc_column][\/vc_row][vc_row][vc_column width=\u00bb1\/2&#8243;][vc_single_image image=\u00bb9572&#8243; img_size=\u00bbfull\u00bb][vc_single_image image=\u00bb9575&#8243; img_size=\u00bbfull\u00bb][\/vc_column][vc_column width=\u00bb1\/2&#8243;][vc_single_image image=\u00bb9574&#8243; img_size=\u00bbfull\u00bb][vc_single_image image=\u00bb9578&#8243; img_size=\u00bbfull\u00bb][\/vc_column][\/vc_row][vc_row][vc_column][vc_btn title=\u00bbClic en Biblioteca Virtual Pensionado Atahualpa\u00bb style=\u00bbcustom\u00bb custom_background=\u00bb#242949&#8243; custom_text=\u00bb#ffffff\u00bb align=\u00bbcenter\u00bb i_icon_fontawesome=\u00bbfas fa-book-open\u00bb button_block=\u00bbtrue\u00bb add_icon=\u00bbtrue\u00bb link=\u00bburl:https%3A%2F%2Fwww.notion.so%2FBiblioteca-Virtual-Pensionado-Atahualpa-28504733846180aa875df4706aadc7f9%3Fsource%3Dcopy_link|target:_blank\u00bb][\/vc_column][\/vc_row][vc_row][vc_column][mk_padding_divider][\/vc_column][\/vc_row][vc_row][vc_column][vc_column_text css=\u00bb.vc_custom_1760466418735{margin-bottom: 0px !important;}\u00bb]\n<h1 style=\"text-align: left;\"><strong>Galer\u00eda de Im\u00e1genes<\/strong><\/h1>\n[\/vc_column_text][\/vc_column][\/vc_row][vc_row][vc_column width=\u00bb1\/3&#8243;][vc_single_image image=\u00bb9650&#8243; img_size=\u00bbfull\u00bb][\/vc_column][vc_column width=\u00bb1\/3&#8243;][vc_single_image image=\u00bb9654&#8243; img_size=\u00bbfull\u00bb][\/vc_column][vc_column width=\u00bb1\/3&#8243;][vc_single_image image=\u00bb9652&#8243; img_size=\u00bbfull\u00bb][\/vc_column][\/vc_row][vc_row][vc_column][vc_column_text css=\u00bb.vc_custom_1760467667558{margin-bottom: 0px !important;}\u00bb]\n<h1 style=\"text-align: left;\"><strong>Horario de atenci\u00f3n<\/strong><\/h1>\n[\/vc_column_text][\/vc_column][\/vc_row][vc_row][vc_column][vc_column_text css=\u00bb.vc_custom_1760467763916{margin-bottom: 0px !important;}\u00bb]Lunes a Viernes: 7:30 &#8211; 15:00<\/p>\n<p>biblioteca@pensionadoatahualpa.edu.ec[\/vc_column_text][\/vc_column][\/vc_row][vc_row][vc_column][vc_empty_space][vc_column_text align=\u00bbcenter\u00bb css=\u00bb.vc_custom_1760971250066{margin-bottom: 0px !important;}\u00bb]\n<h2><strong>\u00a1Un Nuevo Espacio para el Conocimiento!<\/strong><\/h2>\n[\/vc_column_text][vc_empty_space][vc_video link=\u00bbhttps:\/\/youtu.be\/dulvZZyHAiE?si=do77j7bO_OCPXjv9&#8243;][vc_empty_space height=\u00bb50px\u00bb][\/vc_column][\/vc_row][vc_row][vc_column][\/vc_column][\/vc_row]\n","protected":false},"excerpt":{"rendered":"<p>[vc_row][vc_column][vc_single_image image=\u00bb9555&#8243; img_size=\u00bbfull\u00bb alignment=\u00bbcenter\u00bb css_animation=\u00bbfadeInUp\u00bb][\/vc_column][\/vc_row][vc_row][vc_column][vc_column_text css=\u00bb.vc_custom_1760449413181{margin-bottom: 0px !important;}\u00bb] Biblioteca del Pensionado Atahualpa [\/vc_column_text][\/vc_column][\/vc_row][vc_row][vc_column][vc_column_text css=\u00bb.vc_custom_1760484950621{margin-bottom: 0px !important;}\u00bb] Nuestra biblioteca es un espacio moderno y acogedor dise\u00f1ado para fomentar el aprendizaje, la lectura y la investigaci\u00f3n. Cuenta con una amplia colecci\u00f3n de libros de distintas \u00e1reas del conocimiento, as\u00ed como con computadoras de acceso libre que permiten [&hellip;]<\/p>\n","protected":false},"author":877,"featured_media":0,"parent":0,"menu_order":0,"comment_status":"closed","ping_status":"closed","template":"","meta":{"_monsterinsights_skip_tracking":false,"_monsterinsights_sitenote_active":false,"_monsterinsights_sitenote_note":"","_monsterinsights_sitenote_category":0},"yst_prominent_words":[],"_links":{"self":[{"href":"https:\/\/www.pensionadoatahualpa.edu.ec\/web\/wp-json\/wp\/v2\/pages\/9552"}],"collection":[{"href":"https:\/\/www.pensionadoatahualpa.edu.ec\/web\/wp-json\/wp\/v2\/pages"}],"about":[{"href":"https:\/\/www.pensionadoatahualpa.edu.ec\/web\/wp-json\/wp\/v2\/types\/page"}],"author":[{"embeddable":true,"href":"https:\/\/www.pensionadoatahualpa.edu.ec\/web\/wp-json\/wp\/v2\/users\/877"}],"replies":[{"embeddable":true,"href":"https:\/\/www.pensionadoatahualpa.edu.ec\/web\/wp-json\/wp\/v2\/comments?post=9552"}],"version-history":[{"count":43,"href":"https:\/\/www.pensionadoatahualpa.edu.ec\/web\/wp-json\/wp\/v2\/pages\/9552\/revisions"}],"predecessor-version":[{"id":9657,"href":"https:\/\/www.pensionadoatahualpa.edu.ec\/web\/wp-json\/wp\/v2\/pages\/9552\/revisions\/9657"}],"wp:attachment":[{"href":"https:\/\/www.pensionadoatahualpa.edu.ec\/web\/wp-json\/wp\/v2\/media?parent=9552"}],"wp:term":[{"taxonomy":"yst_prominent_words","embeddable":true,"href":"https:\/\/www.pensionadoatahualpa.edu.ec\/web\/wp-json\/wp\/v2\/yst_prominent_words?post=9552"}],"curies":[{"name":"wp","href":"https:\/\/api.w.org\/{rel}","templated":true}]}}