{"id":9335,"date":"2024-12-09T22:27:57","date_gmt":"2024-12-10T03:27:57","guid":{"rendered":"https:\/\/www.pensionadoatahualpa.edu.ec\/web\/?page_id=9335"},"modified":"2024-12-11T17:30:05","modified_gmt":"2024-12-11T22:30:05","slug":"proteccion-de-datos","status":"publish","type":"page","link":"https:\/\/www.pensionadoatahualpa.edu.ec\/web\/proteccion-de-datos\/","title":{"rendered":"Protecci\u00f3n de Datos"},"content":{"rendered":"[vc_row][vc_column][mk_padding_divider size=\u00bb80&#8243;][\/vc_column][\/vc_row][vc_row][vc_column][mk_image src=\u00bbhttps:\/\/www.pensionadoatahualpa.edu.ec\/web\/wp-content\/uploads\/2024\/12\/proteccion-1.png\u00bb image_size=\u00bbfull\u00bb align=\u00bbcenter\u00bb][\/vc_column][\/vc_row][vc_row][vc_column][mk_padding_divider size=\u00bb20&#8243;][\/vc_column][\/vc_row][vc_row][vc_column][vc_column_text align=\u00bbcenter\u00bb css=\u00bb.vc_custom_1733802455273{margin-bottom: 0px !important;}\u00bb]\n<h2 style=\"text-align: center;\"><strong>LA UNIDAD EDUCATIVA\u00a0<\/strong><\/h2>\n<h2 style=\"text-align: center;\"><strong>INTERNACIONAL <\/strong><strong>PENSIONADO <\/strong><strong>ATAHUALPA<\/strong><\/h2>\n<p style=\"text-align: center;\"><strong>Garantizamos el cumplimiento de la Ley Org\u00e1nica de Protecci\u00f3n de Datos Personales (LOPDP) para proteger la privacidad y seguridad de su informaci\u00f3n. Nuestro compromiso es gestionar sus datos con transparencia, confidencialidad y responsabilidad, asegurando un tratamiento leg\u00edtimo y seguro en cada etapa.<\/strong><\/p>\n[\/vc_column_text][\/vc_column][\/vc_row][vc_row][vc_column][vc_btn title=\u00bbDescargar la pol\u00edtica\u00bb style=\u00bb3d\u00bb color=\u00bbblue\u00bb align=\u00bbcenter\u00bb i_icon_fontawesome=\u00bbfar fa-file-pdf\u00bb add_icon=\u00bbtrue\u00bb link=\u00bburl:https%3A%2F%2Fdrive.google.com%2Ffile%2Fd%2F1B7ULNsf1NnwvfEQN9di9vAsIQwi9IeYb%2Fview%3Fusp%3Dsharing|title:Documento%20Protecci%C3%B3n%20de%20datos|target:_blank\u00bb][\/vc_column][\/vc_row][vc_row][vc_column][vc_column_text align=\u00bbcenter\u00bb css=\u00bb.vc_custom_1733804325147{margin-bottom: 0px !important;}\u00bb]\n<h3 style=\"text-align: left;\">\u00a0\u00a0\u00a0\u00a0\u00a0\u00a0\u00a0\u00a0\u00a0\u00a0\u00a0\u00a0\u00a0\u00a0\u00a0\u00a0\u00a0\u00a0\u00a0\u00a0\u00a0\u00a0\u00a0\u00a0\u00a0\u00a0\u00a0\u00a0\u00a0\u00a0\u00a0\u00a0 <strong>OBJETIVOS DE LA POLITICA DE PROTECCION DE DATOS<\/strong><\/h3>\n[\/vc_column_text][\/vc_column][\/vc_row][vc_row][vc_column width=\u00bb1\/2&#8243;][vc_column_text css=\u00bb.vc_custom_1733804404643{margin-bottom: 0px !important;}\u00bb]\n<p>&nbsp;<\/p>\n<p style=\"text-align: left;\"><strong>Garantizar la Protecci\u00f3n de Datos:<\/strong><\/p>\n<p>Establecer las medidas necesarias para asegurar el tratamiento adecuado, seguro y leg\u00edtimo de los datos personales bajo los lineamientos de la Ley Org\u00e1nica de Protecci\u00f3n de Datos Personales (LOPDP).[\/vc_column_text][\/vc_column][vc_column width=\u00bb1\/2&#8243;][mk_image src=\u00bbhttps:\/\/www.pensionadoatahualpa.edu.ec\/web\/wp-content\/uploads\/2024\/12\/21743424_6500528.jpg\u00bb image_size=\u00bbmedium\u00bb align=\u00bbcenter\u00bb][\/vc_column][\/vc_row][vc_row][vc_column width=\u00bb1\/2&#8243;][mk_image src=\u00bbhttps:\/\/www.pensionadoatahualpa.edu.ec\/web\/wp-content\/uploads\/2024\/12\/4707.jpg\u00bb align=\u00bbcenter\u00bb][\/vc_column][vc_column width=\u00bb1\/2&#8243;][vc_column_text css=\u00bb.vc_custom_1733956203193{margin-bottom: 0px !important;}\u00bb]<strong>Cumplimiento Legal:<\/strong><\/p>\n<p>Asegurar que todas las operaciones relacionadas con datos personales cumplan con las normativas legales aplicables, respetando los derechos de los titulares.[\/vc_column_text][\/vc_column][\/vc_row][vc_row][vc_column width=\u00bb1\/2&#8243;][vc_column_text css=\u00bb.vc_custom_1733804413161{margin-bottom: 0px !important;}\u00bb]\n<p>&nbsp;<\/p>\n<p><strong>Transparencia y Confianza:<\/strong><\/p>\n<p>Proveer informaci\u00f3n clara y accesible sobre el uso, almacenamiento y finalidades del tratamiento de datos, fortaleciendo la confianza con empleados, Padres de familia y proveedores.[\/vc_column_text][\/vc_column][vc_column width=\u00bb1\/2&#8243;][mk_image src=\u00bbhttps:\/\/www.pensionadoatahualpa.edu.ec\/web\/wp-content\/uploads\/2024\/12\/13500138_dec06-scaled.jpg\u00bb image_size=\u00bbmedium\u00bb align=\u00bbcenter\u00bb][\/vc_column][\/vc_row][vc_row][vc_column][mk_padding_divider][\/vc_column][\/vc_row][vc_row][vc_column][vc_column_text css=\u00bb.vc_custom_1733804136070{margin-bottom: 0px !important;}\u00bb]\n<h3 style=\"text-align: center;\"><strong>ALCANCE DEL DOCUMENTO<\/strong><\/h3>\n<p><strong>Cobertura General:<\/strong><\/p>\n<p>Aplica a todas las actividades de recolecci\u00f3n, manejo, uso, almacenamiento, y transferencia de datos personales gestionados por Confecciones Robalino &amp; Robalino C\u00eda. Ltda.<\/p>\n<p><strong>Tipo de Datos Tratados:<\/strong><\/p>\n<p>Engloba datos generales, sensibles y de salud recolectados de empleados, clientes, y proveedores, bajo las finalidades espec\u00edficas descritas en el documento.<\/p>\n<p><strong>Sujetos Involucrados:<\/strong><\/p>\n<p>Incluye directivos, empleados, contratistas, proveedores y cualquier tercero que act\u00fae en nombre de la empresa y tenga acceso a datos personales.<\/p>\n<p><strong>Obligatoriedad:<\/strong><\/p>\n<p>El cumplimiento de esta pol\u00edtica es obligatorio para todas las personas vinculadas a la organizaci\u00f3n que manejen datos personales en el marco de sus actividades.[\/vc_column_text][\/vc_column][\/vc_row][vc_row][vc_column][mk_padding_divider][\/vc_column][\/vc_row]\n","protected":false},"excerpt":{"rendered":"<p>[vc_row][vc_column][mk_padding_divider size=\u00bb80&#8243;][\/vc_column][\/vc_row][vc_row][vc_column][mk_image src=\u00bbhttps:\/\/www.pensionadoatahualpa.edu.ec\/web\/wp-content\/uploads\/2024\/12\/proteccion-1.png\u00bb image_size=\u00bbfull\u00bb align=\u00bbcenter\u00bb][\/vc_column][\/vc_row][vc_row][vc_column][mk_padding_divider size=\u00bb20&#8243;][\/vc_column][\/vc_row][vc_row][vc_column][vc_column_text align=\u00bbcenter\u00bb css=\u00bb.vc_custom_1733802455273{margin-bottom: 0px !important;}\u00bb] LA UNIDAD EDUCATIVA\u00a0 INTERNACIONAL PENSIONADO ATAHUALPA Garantizamos el cumplimiento de la Ley Org\u00e1nica de Protecci\u00f3n de Datos Personales (LOPDP) para proteger la privacidad y seguridad de su informaci\u00f3n. Nuestro compromiso es gestionar sus datos con transparencia, confidencialidad y responsabilidad, asegurando un tratamiento leg\u00edtimo y seguro [&hellip;]<\/p>\n","protected":false},"author":877,"featured_media":0,"parent":0,"menu_order":0,"comment_status":"closed","ping_status":"closed","template":"","meta":{"_monsterinsights_skip_tracking":false,"_monsterinsights_sitenote_active":false,"_monsterinsights_sitenote_note":"","_monsterinsights_sitenote_category":0},"yst_prominent_words":[],"_links":{"self":[{"href":"https:\/\/www.pensionadoatahualpa.edu.ec\/web\/wp-json\/wp\/v2\/pages\/9335"}],"collection":[{"href":"https:\/\/www.pensionadoatahualpa.edu.ec\/web\/wp-json\/wp\/v2\/pages"}],"about":[{"href":"https:\/\/www.pensionadoatahualpa.edu.ec\/web\/wp-json\/wp\/v2\/types\/page"}],"author":[{"embeddable":true,"href":"https:\/\/www.pensionadoatahualpa.edu.ec\/web\/wp-json\/wp\/v2\/users\/877"}],"replies":[{"embeddable":true,"href":"https:\/\/www.pensionadoatahualpa.edu.ec\/web\/wp-json\/wp\/v2\/comments?post=9335"}],"version-history":[{"count":32,"href":"https:\/\/www.pensionadoatahualpa.edu.ec\/web\/wp-json\/wp\/v2\/pages\/9335\/revisions"}],"predecessor-version":[{"id":9377,"href":"https:\/\/www.pensionadoatahualpa.edu.ec\/web\/wp-json\/wp\/v2\/pages\/9335\/revisions\/9377"}],"wp:attachment":[{"href":"https:\/\/www.pensionadoatahualpa.edu.ec\/web\/wp-json\/wp\/v2\/media?parent=9335"}],"wp:term":[{"taxonomy":"yst_prominent_words","embeddable":true,"href":"https:\/\/www.pensionadoatahualpa.edu.ec\/web\/wp-json\/wp\/v2\/yst_prominent_words?post=9335"}],"curies":[{"name":"wp","href":"https:\/\/api.w.org\/{rel}","templated":true}]}}