{"id":8976,"date":"2023-11-20T18:34:57","date_gmt":"2023-11-20T23:34:57","guid":{"rendered":"https:\/\/www.pensionadoatahualpa.edu.ec\/web\/?page_id=8976"},"modified":"2025-10-19T13:06:27","modified_gmt":"2025-10-19T18:06:27","slug":"vision","status":"publish","type":"page","link":"https:\/\/www.pensionadoatahualpa.edu.ec\/web\/vision\/","title":{"rendered":"VISI\u00d3N"},"content":{"rendered":"[vc_row][vc_column][mk_image src=\u00bbhttps:\/\/www.pensionadoatahualpa.edu.ec\/web\/wp-content\/uploads\/2025\/10\/biblioteca-digital-1-1.png\u00bb image_width=\u00bb900&#8243; image_height=\u00bb400&#8243; align=\u00bbcenter\u00bb][\/vc_column][\/vc_row][vc_row][vc_column][vc_column_text css=\u00bb.vc_custom_1700523292553{margin-bottom: 0px !important;}\u00bb]\n<p style=\"text-align: center;\"><strong>Seremos una Instituci\u00f3n Educativa del Mundo, l\u00edderes en educaci\u00f3n inicial, b\u00e1sica y bachillerato, comprometidos con el desarrollo local y regional e internacional en el \u00e1mbito de la ciencia, tecnolog\u00eda, cultura y paz; con infraestructura funcional y reconocimiento social.<\/strong><\/p>\n[\/vc_column_text][\/vc_column][\/vc_row]\n","protected":false},"excerpt":{"rendered":"<p>[vc_row][vc_column][mk_image src=\u00bbhttps:\/\/www.pensionadoatahualpa.edu.ec\/web\/wp-content\/uploads\/2025\/10\/biblioteca-digital-1-1.png\u00bb image_width=\u00bb900&#8243; image_height=\u00bb400&#8243; align=\u00bbcenter\u00bb][\/vc_column][\/vc_row][vc_row][vc_column][vc_column_text css=\u00bb.vc_custom_1700523292553{margin-bottom: 0px !important;}\u00bb] Seremos una Instituci\u00f3n Educativa del Mundo, l\u00edderes en educaci\u00f3n inicial, b\u00e1sica y bachillerato, comprometidos con el desarrollo local y regional e internacional en el \u00e1mbito de la ciencia, tecnolog\u00eda, cultura y paz; con infraestructura funcional y reconocimiento social. [\/vc_column_text][\/vc_column][\/vc_row]<\/p>\n","protected":false},"author":877,"featured_media":0,"parent":0,"menu_order":0,"comment_status":"closed","ping_status":"closed","template":"","meta":{"_monsterinsights_skip_tracking":false,"_monsterinsights_sitenote_active":false,"_monsterinsights_sitenote_note":"","_monsterinsights_sitenote_category":0},"yst_prominent_words":[],"_links":{"self":[{"href":"https:\/\/www.pensionadoatahualpa.edu.ec\/web\/wp-json\/wp\/v2\/pages\/8976"}],"collection":[{"href":"https:\/\/www.pensionadoatahualpa.edu.ec\/web\/wp-json\/wp\/v2\/pages"}],"about":[{"href":"https:\/\/www.pensionadoatahualpa.edu.ec\/web\/wp-json\/wp\/v2\/types\/page"}],"author":[{"embeddable":true,"href":"https:\/\/www.pensionadoatahualpa.edu.ec\/web\/wp-json\/wp\/v2\/users\/877"}],"replies":[{"embeddable":true,"href":"https:\/\/www.pensionadoatahualpa.edu.ec\/web\/wp-json\/wp\/v2\/comments?post=8976"}],"version-history":[{"count":6,"href":"https:\/\/www.pensionadoatahualpa.edu.ec\/web\/wp-json\/wp\/v2\/pages\/8976\/revisions"}],"predecessor-version":[{"id":9629,"href":"https:\/\/www.pensionadoatahualpa.edu.ec\/web\/wp-json\/wp\/v2\/pages\/8976\/revisions\/9629"}],"wp:attachment":[{"href":"https:\/\/www.pensionadoatahualpa.edu.ec\/web\/wp-json\/wp\/v2\/media?parent=8976"}],"wp:term":[{"taxonomy":"yst_prominent_words","embeddable":true,"href":"https:\/\/www.pensionadoatahualpa.edu.ec\/web\/wp-json\/wp\/v2\/yst_prominent_words?post=8976"}],"curies":[{"name":"wp","href":"https:\/\/api.w.org\/{rel}","templated":true}]}}