{"id":7599,"date":"2019-09-25T20:06:59","date_gmt":"2019-09-26T01:06:59","guid":{"rendered":"https:\/\/www.pensionadoatahualpa.edu.ec\/web\/?page_id=7599"},"modified":"2025-09-16T13:08:13","modified_gmt":"2025-09-16T18:08:13","slug":"plataforma-2022","status":"publish","type":"page","link":"https:\/\/www.pensionadoatahualpa.edu.ec\/web\/plataforma-2022\/","title":{"rendered":"PLATAFORMA EDUCATIVA UEIPA"},"content":{"rendered":"[vc_row fullwidth=\u00bbtrue\u00bb][vc_column][vc_single_image image=\u00bb8446&#8243; img_size=\u00bbfull\u00bb alignment=\u00bbcenter\u00bb][\/vc_column][\/vc_row][vc_row][vc_column width=\u00bb1\/6&#8243;][\/vc_column][vc_column width=\u00bb2\/3&#8243;][vc_single_image image=\u00bb7439&#8243; img_size=\u00bb200&#215;105&#8243; alignment=\u00bbright\u00bb onclick=\u00bbcustom_link\u00bb img_link_target=\u00bb_blank\u00bb css_animation=\u00bbfadeInUp\u00bb link=\u00bbhttps:\/\/mail.google.com\/a\/pensionadoatahualpa.edu.ec\u00bb][vc_column_text css=\u00bb.vc_custom_1630536205480{margin-bottom: 0px !important;}\u00bb]\n<h4 style=\"text-align: center;\">Tu Pensionado Atahualpa cuenta con tecnolog\u00eda de punta y las mejores herramientas, para apoyar al proceso educativo y brindar mayores facilidades para estudiantes y docentes<\/h4>\n[\/vc_column_text][vc_single_image image=\u00bb7607&#8243; img_size=\u00bbfull\u00bb][vc_column_text css=\u00bb.vc_custom_1569502412890{margin-bottom: 0px !important;}\u00bb]\n<p style=\"text-align: center;\">Para todas las actividades acad\u00e9micas como tareas, deberes en casa, foros, materiales de lectura y archivos digitales cuentas con tu <strong>Plataforma Educativa UEIPA<\/strong>, desarrollada sobre el aplicativo Moodle que lidera los entornos educativos virtuales de aprendizaje en el mundo.<\/p>\n[\/vc_column_text][vc_column_text css=\u00bb.vc_custom_1569503164591{margin-bottom: 0px !important;}\u00bb]\n<p style=\"text-align: center;\">Para ingresar, digita tu <strong>n\u00famero de c\u00e9dula<\/strong> en los campos de usuario y contrase\u00f1a y habr\u00e1s accedido a tu cuenta.\u00a0 Tus profes colocar\u00e1n all\u00ed los contenidos e indicaciones para complementar tu trabajo en casa.<\/p>\n[\/vc_column_text][vc_row_inner][vc_column_inner width=\u00bb1\/2&#8243;][vc_single_image image=\u00bb7619&#8243; img_size=\u00bbfull\u00bb alignment=\u00bbcenter\u00bb onclick=\u00bbcustom_link\u00bb img_link_target=\u00bb_blank\u00bb css_animation=\u00bbfadeInUp\u00bb link=\u00bbhttps:\/\/eva.pensionadoatahualpa.edu.ec\/login\/index.php\u00bb][\/vc_column_inner][vc_column_inner width=\u00bb1\/2&#8243;][vc_btn title=\u00bbINGRESAR A TU PLATAFORMA EDUCATIVA UEIPA\u00bb color=\u00bbgreen\u00bb align=\u00bbcenter\u00bb i_icon_fontawesome=\u00bb\u00bb css_animation=\u00bbfadeInUp\u00bb add_icon=\u00bbtrue\u00bb link=\u00bburl:https%3A%2F%2Feva.pensionadoatahualpa.edu.ec%2Flogin%2Findex.php|target:_blank\u00bb][\/vc_column_inner][\/vc_row_inner][mk_padding_divider][vc_column_text css=\u00bb.vc_custom_1630536333307{margin-bottom: 0px !important;}\u00bb]\n<p style=\"text-align: center;\">Para utilizar tu cuenta <strong>Google Suite for Education<\/strong>, te ha sido asignado un usuario.\u00a0 Lo pueses solicitar en secretar\u00eda en caso de no tenerlo,<\/p>\n<p style=\"text-align: center;\">En el campo contrase\u00f1a digita tu n\u00famero de c\u00e9dula, el sistema te pedir\u00e1 actualizarla y habr\u00e1s accedido a tu cuenta.\u00a0 No lvides gardarla en un lugar seguro.<\/p>\n[\/vc_column_text][vc_column_text css=\u00bb.vc_custom_1569590015510{margin-bottom: 0px !important;}\u00bb]\n<p style=\"text-align: center;\">Cada estudiante y docente ahora dispone de una cuenta individual Google Suite for Education, que es el paquete ofim\u00e1tico dise\u00f1ado para t\u00ed: Intuitivo, f\u00e1cil de usar, con recursos ilimitados en la Nube y te permitir\u00e1 contar con correo electr\u00f3nico institucional, Drive en la nube con capacidad ilimitada para cargar y respaldar tus archivos, sistema de video conferencias y muchas opciones m\u00e1s.<\/p>\n[\/vc_column_text][vc_row_inner][vc_column_inner width=\u00bb1\/2&#8243;][vc_single_image image=\u00bb7439&#8243; img_size=\u00bbmedium\u00bb alignment=\u00bbcenter\u00bb onclick=\u00bbcustom_link\u00bb img_link_target=\u00bb_blank\u00bb css_animation=\u00bbfadeInUp\u00bb link=\u00bbhttps:\/\/mail.google.com\/a\/pensionadoatahualpa.edu.ec\u00bb][\/vc_column_inner][vc_column_inner width=\u00bb1\/2&#8243;][vc_btn title=\u00bbINGRESAR A TU CUENTA GOOGLE SUITE FOR EDUCATION\u00bb color=\u00bbgreen\u00bb align=\u00bbcenter\u00bb i_icon_fontawesome=\u00bbfa fa-hand-o-right\u00bb css_animation=\u00bbfadeInUp\u00bb add_icon=\u00bbtrue\u00bb link=\u00bburl:https%3A%2F%2Fmail.google.com%2Fa%2Fpensionadoatahualpa.edu.ec||target:%20_blank|\u00bb][\/vc_column_inner][\/vc_row_inner][vc_column_text css=\u00bb.vc_custom_1570324749541{margin-bottom: 0px !important;}\u00bb]\n<h5 style=\"text-align: center;\"><strong>TAMBI\u00c9N PODR\u00c1S ACCEDER DIRECTAMENTE DESDE LA P\u00c1GINA DE INICIO DEL PENSIONADO DANDO CLICK EN SU RESPECTIVO BANNER<\/strong><\/h5>\n[\/vc_column_text][mk_padding_divider][vc_column_text css=\u00bb.vc_custom_1570324682134{margin-bottom: 0px !important;}\u00bb]\n<h2 style=\"text-align: center;\">USO CON DISPOSITIVOS M\u00d3VILES<\/h2>\n[\/vc_column_text][vc_column_text css=\u00bb.vc_custom_1569504384261{margin-bottom: 0px !important;}\u00bb]\n<h5 style=\"text-align: center;\">ESTOS APLICATIVOS SON COMPATIBLES CON TODOS TUS DISPOSITIVOS M\u00d3VILES, PUEDES DESCARGARLOS Y ACCEDER A TUS CONTENIDOS EN CUALQUIER MOMENTO<\/h5>\n[\/vc_column_text][vc_single_image image=\u00bb7635&#8243; img_size=\u00bb470&#215;106&#8243; alignment=\u00bbcenter\u00bb css_animation=\u00bbfadeInUp\u00bb][vc_column_text css=\u00bb.vc_custom_1664199422771{margin-bottom: 0px !important;}\u00bb]\n<h2 style=\"text-align: center;\">MOODLE PARA DISPOSITIVOS M\u00d3VILES<\/h2>\n<p style=\"text-align: center;\">Para tu Plataforma Educativa UEIPA, <strong>descarga el APP Moodle<\/strong><\/p>\n[\/vc_column_text][vc_column_text css=\u00bb.vc_custom_1758046083200{margin-bottom: 0px !important;}\u00bb]\n<p style=\"text-align: center;\">Cuando abras por primera vez la aplicaci\u00f3n, te pedir\u00e1 digitar la URL de la Plataforma Educativa.\u00a0 Debes digitar<\/p>\n<p style=\"text-align: center;\"><strong>https:\/\/eva.pensionadoatahualpa.edu.ec\/login\/index.php<\/strong><\/p>\n<p style=\"text-align: center;\">Luego ingresa tu usurio y contrase\u00f1a, te habr\u00e1s loggeado.<\/p>\n<p style=\"text-align: center;\">\u00a0 Ahora puedes revisar tus contenidos, las tareas del Cole, notificaciones y mensajes.<\/p>\n<p style=\"text-align: center;\">Cuando desees usar nuevamente el aplicativo, no ser\u00e1n necesarios los datos proporcionados, ya que quedar\u00e1s loggeado de manera permanente.\u00a0 Se asume que es tu dispositivo personal.<\/p>\n[\/vc_column_text][vc_column_text css=\u00bb.vc_custom_1631038143409{margin-bottom: 0px !important;}\u00bb]\n<h2 style=\"text-align: center;\">GOOGLE SUITE PARA DISPOSITIVOS M\u00d3VILES<\/h2>\n<p style=\"text-align: center;\">Para Google Suite, descarga la APP G-mail, Meet, Google Drive u otros de Google seg\u00fan tu necesidad.<\/p>\n<p style=\"text-align: center;\">Para ingresar, agrega tu cuenta al aplicativo G mail con la direcci\u00f3n de E mail institucional y tu contrase\u00f1a.<\/p>\n[\/vc_column_text][vc_column_text css=\u00bb.vc_custom_1631038190937{margin-bottom: 0px !important;}\u00bb]\n<h2 style=\"text-align: center;\">RECUERDA, NO COMPARTAS TU CONTRASE\u00d1A POR NING\u00daN MEDIO<\/h2>\n[\/vc_column_text][\/vc_column][vc_column width=\u00bb1\/6&#8243;][vc_single_image image=\u00bb7619&#8243; img_size=\u00bbfull\u00bb alignment=\u00bbcenter\u00bb onclick=\u00bbcustom_link\u00bb img_link_target=\u00bb_blank\u00bb css_animation=\u00bbfadeInUp\u00bb link=\u00bbhttps:\/\/eva.pensionadoatahualpa.edu.ec\/login\/index.php\u00bb][\/vc_column][\/vc_row][vc_row fullwidth=\u00bbtrue\u00bb][vc_column][vc_single_image image=\u00bb6266&#8243; img_size=\u00bbfull\u00bb alignment=\u00bbcenter\u00bb][vc_column_text css=\u00bb.vc_custom_1569463615779{margin-bottom: 0px !important;}\u00bb]\n<p style=\"text-align: center;\"><strong>AHORA ESTUDIAR EN CASA SER\u00c1 M\u00c1S DIVERTIDO<br \/>\n<\/strong>[\/vc_column_text][\/vc_column][\/vc_row]\n","protected":false},"excerpt":{"rendered":"<p>[vc_row fullwidth=\u00bbtrue\u00bb][vc_column][vc_single_image image=\u00bb8446&#8243; img_size=\u00bbfull\u00bb alignment=\u00bbcenter\u00bb][\/vc_column][\/vc_row][vc_row][vc_column width=\u00bb1\/6&#8243;][\/vc_column][vc_column width=\u00bb2\/3&#8243;][vc_single_image image=\u00bb7439&#8243; img_size=\u00bb200&#215;105&#8243; alignment=\u00bbright\u00bb onclick=\u00bbcustom_link\u00bb img_link_target=\u00bb_blank\u00bb css_animation=\u00bbfadeInUp\u00bb link=\u00bbhttps:\/\/mail.google.com\/a\/pensionadoatahualpa.edu.ec\u00bb][vc_column_text css=\u00bb.vc_custom_1630536205480{margin-bottom: 0px !important;}\u00bb] Tu Pensionado Atahualpa cuenta con tecnolog\u00eda de punta y las mejores herramientas, para apoyar al proceso educativo y brindar mayores facilidades para estudiantes y docentes [\/vc_column_text][vc_single_image image=\u00bb7607&#8243; img_size=\u00bbfull\u00bb][vc_column_text css=\u00bb.vc_custom_1569502412890{margin-bottom: 0px !important;}\u00bb] Para todas las actividades acad\u00e9micas como tareas, [&hellip;]<\/p>\n","protected":false},"author":877,"featured_media":0,"parent":0,"menu_order":0,"comment_status":"closed","ping_status":"closed","template":"","meta":{"_monsterinsights_skip_tracking":false,"_monsterinsights_sitenote_active":false,"_monsterinsights_sitenote_note":"","_monsterinsights_sitenote_category":0},"yst_prominent_words":[979,976,924,948,987,959,1009,986,992,950,949,989,935,973,975,985,984,951,991,990],"_links":{"self":[{"href":"https:\/\/www.pensionadoatahualpa.edu.ec\/web\/wp-json\/wp\/v2\/pages\/7599"}],"collection":[{"href":"https:\/\/www.pensionadoatahualpa.edu.ec\/web\/wp-json\/wp\/v2\/pages"}],"about":[{"href":"https:\/\/www.pensionadoatahualpa.edu.ec\/web\/wp-json\/wp\/v2\/types\/page"}],"author":[{"embeddable":true,"href":"https:\/\/www.pensionadoatahualpa.edu.ec\/web\/wp-json\/wp\/v2\/users\/877"}],"replies":[{"embeddable":true,"href":"https:\/\/www.pensionadoatahualpa.edu.ec\/web\/wp-json\/wp\/v2\/comments?post=7599"}],"version-history":[{"count":59,"href":"https:\/\/www.pensionadoatahualpa.edu.ec\/web\/wp-json\/wp\/v2\/pages\/7599\/revisions"}],"predecessor-version":[{"id":9525,"href":"https:\/\/www.pensionadoatahualpa.edu.ec\/web\/wp-json\/wp\/v2\/pages\/7599\/revisions\/9525"}],"wp:attachment":[{"href":"https:\/\/www.pensionadoatahualpa.edu.ec\/web\/wp-json\/wp\/v2\/media?parent=7599"}],"wp:term":[{"taxonomy":"yst_prominent_words","embeddable":true,"href":"https:\/\/www.pensionadoatahualpa.edu.ec\/web\/wp-json\/wp\/v2\/yst_prominent_words?post=7599"}],"curies":[{"name":"wp","href":"https:\/\/api.w.org\/{rel}","templated":true}]}}