{"id":6452,"date":"2018-03-10T17:53:35","date_gmt":"2018-03-10T22:53:35","guid":{"rendered":"https:\/\/www.pensionadoatahualpa.edu.ec\/web\/?page_id=6452"},"modified":"2025-10-22T10:33:19","modified_gmt":"2025-10-22T15:33:19","slug":"ueipacitos","status":"publish","type":"page","link":"https:\/\/www.pensionadoatahualpa.edu.ec\/web\/ueipacitos\/","title":{"rendered":"UEIPACITOS"},"content":{"rendered":"[vc_row fullwidth=\u00bbtrue\u00bb][vc_column css=\u00bb.vc_custom_1717093430223{background-image: url(https:\/\/www.pensionadoatahualpa.edu.ec\/web\/wp-content\/uploads\/2024\/05\/img_8723-scaled.jpg?id=9181) !important;background-position: center !important;background-repeat: no-repeat !important;background-size: cover !important;}\u00bb][mk_padding_divider size=\u00bb600&#8243;][mk_padding_divider size=\u00bb200&#8243;][\/vc_column][\/vc_row][vc_row][vc_column][vc_empty_space][vc_column_text css=\u00bb.vc_custom_1760962571806{margin-bottom: 0px !important;}\u00bb]\n<h1 style=\"text-align: center;\"><strong>\u00a1Nueva Casa L\u00fadica!<\/strong><\/h1>\n<p>En nuestra Instituci\u00f3n, entendemos que los primeros a\u00f1os de vida son m\u00e1gicos. Por eso, hemos creado un espacio \u00fanico y completamente innovador para nuestros peque\u00f1os de <b>Iniciales y Primeros de B\u00e1sica<\/b>: \u00a1La <b>Nueva Casa L\u00fadica<\/b>!<\/p>\n<h3>Un Hogar a su Medida, un Espacio para Crecer<\/h3>\n<p>Hemos remodelado una casa entera pensando exclusivamente en la altura, curiosidad y autonom\u00eda de nuestros estudiantes m\u00e1s j\u00f3venes. Este espacio no es solo un \u00e1rea de juego, es un <b>centro de aprendizaje experiencial<\/b> donde la vida cotidiana se convierte en la mejor lecci\u00f3n.<\/p>\n<p>En nuestra <b>Casa L\u00fadica<\/b>, cada rinc\u00f3n invita al descubrimiento y al desarrollo de habilidades esenciales:<\/p>\n<ul>\n<li><b>Sala de Estar y Comedor:<\/b> Perfectos para aprender roles sociales, compartir y practicar modales a la hora de comer.<\/li>\n<li><b>Cocina y Lavaplatos a su tama\u00f1o:<\/b> \u00c1reas clave para fomentar la responsabilidad, el orden y los h\u00e1bitos de higiene despu\u00e9s de cada actividad.<\/li>\n<li><b>Dormitorio (con camas a su tama\u00f1o):<\/b> Fomentando h\u00e1bitos de descanso e independencia personal.<\/li>\n<li><b>Ba\u00f1o adaptado:<\/b> Un espacio seguro para consolidar h\u00e1bitos de higiene.<\/li>\n<li><b>Mini Patio:<\/b> Un rinc\u00f3n privado para el juego libre y el contacto con la naturaleza.<\/li>\n<\/ul>\n<h3>Aprendizaje con Autonom\u00eda<\/h3>\n<p>La Casa L\u00fadica est\u00e1 dise\u00f1ada pedag\u00f3gicamente para que los ni\u00f1os experimenten un entorno real a su escala. Aqu\u00ed, los estudiantes desarrollan su <b>autonom\u00eda<\/b>, aprenden a convivir y asimilan el manejo de su propio entorno, fortaleciendo la confianza en s\u00ed mismos de una manera divertida y natural.<\/p>\n<p>Los invitamos a conocer este espacio donde la <b>seguridad, el amor y la innovaci\u00f3n<\/b> se unen para construir la base de un futuro brillante. \u00a1Vengan a descubrir la Casa L\u00fadica, el nuevo hogar de la curiosidad y el juego en el Pensionado Atahualpa![\/vc_column_text][vc_video link=\u00bbhttps:\/\/youtu.be\/3UaxtaEBElU?si=xl9k6ykNTq-_t0MT\u00bb autoplay=\u00bbtrue\u00bb][vc_empty_space][\/vc_column][\/vc_row][vc_row][vc_column width=\u00bb1\/5&#8243;][vc_single_image image=\u00bb9704&#8243; img_size=\u00bbfull\u00bb][\/vc_column][vc_column width=\u00bb1\/5&#8243;][vc_single_image image=\u00bb9705&#8243; img_size=\u00bbfull\u00bb][\/vc_column][vc_column width=\u00bb1\/5&#8243;][vc_single_image image=\u00bb9706&#8243; img_size=\u00bbfull\u00bb][\/vc_column][vc_column width=\u00bb1\/5&#8243;][vc_single_image image=\u00bb9707&#8243; img_size=\u00bbfull\u00bb][\/vc_column][vc_column width=\u00bb1\/5&#8243;][vc_single_image image=\u00bb9708&#8243; img_size=\u00bbfull\u00bb][\/vc_column][\/vc_row][vc_row][vc_column][vc_empty_space][mk_fancy_title font_family=\u00bbnone\u00bb]\n<h2 style=\"text-align: center;\"><strong>UEIPACITOS &#8211; EDUCACI\u00d3N INICIAL<\/strong><\/h2>\n[\/mk_fancy_title][\/vc_column][\/vc_row][vc_row][vc_column width=\u00bb1\/2&#8243;][mk_padding_divider][vc_video link=\u00bbhttps:\/\/youtu.be\/KRcsCPrIW-o\u00bb][mk_padding_divider][vc_images_carousel images=\u00bb9642,9643,9644&#8243; img_size=\u00bbfull\u00bb mode=\u00bbvertical\u00bb autoplay=\u00bbyes\u00bb hide_pagination_control=\u00bbyes\u00bb wrap=\u00bbyes\u00bb][\/vc_column][vc_column width=\u00bb1\/2&#8243;][vc_column_text css=\u00bb.vc_custom_1521138187708{margin-bottom: 0px !important;}\u00bb]\n<p align=\"justify\">La Educaci\u00f3n Inicial, est\u00e1 orientada a promover el desarrollo integral de ni\u00f1os y ni\u00f1as, utilizando procesos pedag\u00f3gicos que comprenden todos los aspectos de su vida.<\/p>\n<p align=\"justify\">Las instalaciones de Educaci\u00f3n Inicial se encuentran separadas de las secciones de Educaci\u00f3n B\u00e1sica y Bachillerato, accesibles solamente a ni\u00f1os y padres de familia de esta secci\u00f3n.\u00a0 Sus espacios han sido dise\u00f1ados para propiciar constantemente valiosas experiencias de aprendizaje.<\/p>\n<p>Pedagog\u00eda fundamentada en experiencias de aprendizaje que busca:<\/p>\n<ul>\n<li>Insertar a los ni\u00f1os en un ambiente de relaciones arm\u00f3nicas con las personas y el entorno.<\/li>\n<li>Fomentar la valoraci\u00f3n de s\u00ed mismos y el respeto a los dem\u00e1s.<\/li>\n<li>Propiciar el descubrimiento de sus propias cualidades y aptitudes.<\/li>\n<\/ul>\n[\/vc_column_text][\/vc_column][\/vc_row][vc_row][vc_column][mk_padding_divider][\/vc_column][\/vc_row][vc_row][vc_column width=\u00bb1\/2&#8243;][vc_empty_space height=\u00bb100px\u00bb][vc_column_text css=\u00bb.vc_custom_1717158124369{margin-bottom: 0px !important;}\u00bb]\n<p style=\"text-align: right;\">La formaci\u00f3n de los ni\u00f1os y ni\u00f1as desde temprana edad incluye: Aprendizaje del idioma ingl\u00e9s, desarrollo de habilidades motrices, arte, deportes, recreaci\u00f3n y actividades relacionadas con el desarrollo de h\u00e1bitos alimenticios sanos.<\/p>\n<p style=\"text-align: right;\">Participaci\u00f3n activa y permanente en actividades l\u00fadicas, culturales y recreativas en los distintos rincones de aprendizaje, bajo la tutor\u00eda de personal especializado en distintas \u00e1reas.<\/p>\n[\/vc_column_text][\/vc_column][vc_column width=\u00bb1\/2&#8243;][mk_image_slideshow images=\u00bb9167,9168,9169,9170,9171,9172,9173&#8243; image_width=\u00bb905&#8243; image_height=\u00bb1000&#8243; effect=\u00bbslide\u00bb animation_speed=\u00bb600&#8243; slideshow_speed=\u00bb2000&#8243;][\/vc_column][\/vc_row][vc_row fullwidth=\u00bbtrue\u00bb parallax=\u00bbcontent-moving\u00bb][vc_column][mk_padding_divider][vc_column_text css=\u00bb.vc_custom_1521150027043{margin-bottom: 0px !important;}\u00bb]\n<p style=\"text-align: center;\"><span class=\"whole-read-more\" data-can-replace-url=\"phrase\" data-url-param-0=\"gabriela-mistral-el-futuro-de-los-ninos-es-siempre\" data-query=\"utm_source=internal&amp;utm_medium=link&amp;utm_campaign=phrase_snippet_wholetext\">\u201cEl futuro de los ni\u00f1os es siempre hoy. Ma\u00f1ana ser\u00e1 tarde.\u201d<\/span> Gabriela Mistral<\/p>\n[\/vc_column_text][vc_images_carousel images=\u00bb9039,9038,9040,9041&#8243; img_size=\u00bbfull\u00bb slides_per_view=\u00bb4&#8243; hide_pagination_control=\u00bbyes\u00bb hide_prev_next_buttons=\u00bbyes\u00bb][\/vc_column][\/vc_row][vc_row fullwidth=\u00bbtrue\u00bb parallax=\u00bbcontent-moving\u00bb][vc_column css=\u00bb.vc_custom_1717093579159{background-image: url(https:\/\/www.pensionadoatahualpa.edu.ec\/web\/wp-content\/uploads\/2024\/05\/img_7021-scaled.jpg?id=9184) !important;background-position: center !important;background-repeat: no-repeat !important;background-size: cover !important;}\u00bb][mk_padding_divider size=\u00bb900&#8243; visibility=\u00bbhidden-sm\u00bb][\/vc_column][\/vc_row]\n","protected":false},"excerpt":{"rendered":"<p>[vc_row fullwidth=\u00bbtrue\u00bb][vc_column css=\u00bb.vc_custom_1717093430223{background-image: url(https:\/\/www.pensionadoatahualpa.edu.ec\/web\/wp-content\/uploads\/2024\/05\/img_8723-scaled.jpg?id=9181) !important;background-position: center !important;background-repeat: no-repeat !important;background-size: cover !important;}\u00bb][mk_padding_divider size=\u00bb600&#8243;][mk_padding_divider size=\u00bb200&#8243;][\/vc_column][\/vc_row][vc_row][vc_column][vc_empty_space][vc_column_text css=\u00bb.vc_custom_1760962571806{margin-bottom: 0px !important;}\u00bb] \u00a1Nueva Casa L\u00fadica! En nuestra Instituci\u00f3n, entendemos que los primeros a\u00f1os de vida son m\u00e1gicos. Por eso, hemos creado un espacio \u00fanico y completamente innovador para nuestros peque\u00f1os de Iniciales y Primeros de B\u00e1sica: \u00a1La Nueva Casa L\u00fadica! Un [&hellip;]<\/p>\n","protected":false},"author":877,"featured_media":0,"parent":0,"menu_order":0,"comment_status":"closed","ping_status":"closed","template":"","meta":{"_monsterinsights_skip_tracking":false,"_monsterinsights_sitenote_active":false,"_monsterinsights_sitenote_note":"","_monsterinsights_sitenote_category":0},"yst_prominent_words":[269,125,267,53,261,143,262,263,268,264,266,265],"_links":{"self":[{"href":"https:\/\/www.pensionadoatahualpa.edu.ec\/web\/wp-json\/wp\/v2\/pages\/6452"}],"collection":[{"href":"https:\/\/www.pensionadoatahualpa.edu.ec\/web\/wp-json\/wp\/v2\/pages"}],"about":[{"href":"https:\/\/www.pensionadoatahualpa.edu.ec\/web\/wp-json\/wp\/v2\/types\/page"}],"author":[{"embeddable":true,"href":"https:\/\/www.pensionadoatahualpa.edu.ec\/web\/wp-json\/wp\/v2\/users\/877"}],"replies":[{"embeddable":true,"href":"https:\/\/www.pensionadoatahualpa.edu.ec\/web\/wp-json\/wp\/v2\/comments?post=6452"}],"version-history":[{"count":76,"href":"https:\/\/www.pensionadoatahualpa.edu.ec\/web\/wp-json\/wp\/v2\/pages\/6452\/revisions"}],"predecessor-version":[{"id":9711,"href":"https:\/\/www.pensionadoatahualpa.edu.ec\/web\/wp-json\/wp\/v2\/pages\/6452\/revisions\/9711"}],"wp:attachment":[{"href":"https:\/\/www.pensionadoatahualpa.edu.ec\/web\/wp-json\/wp\/v2\/media?parent=6452"}],"wp:term":[{"taxonomy":"yst_prominent_words","embeddable":true,"href":"https:\/\/www.pensionadoatahualpa.edu.ec\/web\/wp-json\/wp\/v2\/yst_prominent_words?post=6452"}],"curies":[{"name":"wp","href":"https:\/\/api.w.org\/{rel}","templated":true}]}}