{"id":6064,"date":"2017-12-12T12:50:54","date_gmt":"2017-12-12T17:50:54","guid":{"rendered":"https:\/\/www.pensionadoatahualpa.edu.ec\/web\/?page_id=6064"},"modified":"2025-07-10T09:46:03","modified_gmt":"2025-07-10T14:46:03","slug":"consejeria-estudiantil","status":"publish","type":"page","link":"https:\/\/www.pensionadoatahualpa.edu.ec\/web\/consejeria-estudiantil\/","title":{"rendered":"CONSEJER\u00cdA ESTUDIANTIL"},"content":{"rendered":"[vc_row fullwidth=\u00bbtrue\u00bb][vc_column][vc_column_text align=\u00bbcenter\u00bb css=\u00bb.vc_custom_1752158761264{margin-bottom: 0px !important;}\u00bb]<img loading=\"lazy\" class=\"wp-image-9454 size-large aligncenter\" src=\"https:\/\/www.pensionadoatahualpa.edu.ec\/web\/wp-content\/uploads\/2025\/07\/pasos-2-1024x256.png\" alt=\"\" width=\"1024\" height=\"256\" srcset=\"https:\/\/www.pensionadoatahualpa.edu.ec\/web\/wp-content\/uploads\/2025\/07\/pasos-2-1024x256.png 1024w, https:\/\/www.pensionadoatahualpa.edu.ec\/web\/wp-content\/uploads\/2025\/07\/pasos-2-300x75.png 300w, https:\/\/www.pensionadoatahualpa.edu.ec\/web\/wp-content\/uploads\/2025\/07\/pasos-2-768x192.png 768w, https:\/\/www.pensionadoatahualpa.edu.ec\/web\/wp-content\/uploads\/2025\/07\/pasos-2-1536x384.png 1536w, https:\/\/www.pensionadoatahualpa.edu.ec\/web\/wp-content\/uploads\/2025\/07\/pasos-2.png 1600w\" sizes=\"(max-width: 1024px) 100vw, 1024px\" \/>[\/vc_column_text][\/vc_column][\/vc_row][vc_row][vc_column width=\u00bb1\/2&#8243;][vc_column_text css=\u00bb.vc_custom_1520954427568{margin-bottom: 0px !important;}\u00bb]\n<h2 style=\"text-align: right;\">DEPARTAMENTO DE CONSEJER\u00cdA ESTUDIANTIL<\/h2>\n<p style=\"text-align: right;\">Es la instancia responsable de la atenci\u00f3n integral de las\/los estudiantes. Nuestro prop\u00f3sito es brindar apoyo y acompa\u00f1amiento psicol\u00f3gico, psicoeducativo, emocional, social y orientaci\u00f3n vocacional en concordancia con el marco legal vigente.<\/p>\n<p style=\"text-align: right;\">La estrategia est\u00e1 fundamentalmente enmarcada en procesos de prevenci\u00f3n, detecci\u00f3n, abordaje y seguimiento de diferentes situaciones y\/o problem\u00e1ticas con las que se enfrenta nuestra comunidad educativa en su desenvolvimiento cotidiano en el \u00e1mbito educativo.<\/p>\n<p style=\"text-align: right;\">Llevamos a cabo un trabajo que necesariamente involucra el apoyo de <strong>todos los integrantes de la comunidad educativa<\/strong>: padres, madres y\/o representantes legales, equipo docente, autoridades, personal de apoyo y administrativo de la instituci\u00f3n.<\/p>\n[\/vc_column_text][\/vc_column][vc_column width=\u00bb1\/2&#8243;][mk_padding_divider][vc_single_image image=\u00bb9052&#8243; img_size=\u00bbfull\u00bb css_animation=\u00bbfadeInRight\u00bb][\/vc_column][\/vc_row][vc_row][vc_column][mk_padding_divider size=\u00bb30&#8243; visibility=\u00bbhidden-sm\u00bb][\/vc_column][\/vc_row]\n","protected":false},"excerpt":{"rendered":"<p>[vc_row fullwidth=\u00bbtrue\u00bb][vc_column][vc_column_text align=\u00bbcenter\u00bb css=\u00bb.vc_custom_1752158761264{margin-bottom: 0px !important;}\u00bb][\/vc_column_text][\/vc_column][\/vc_row][vc_row][vc_column width=\u00bb1\/2&#8243;][vc_column_text css=\u00bb.vc_custom_1520954427568{margin-bottom: 0px !important;}\u00bb] DEPARTAMENTO DE CONSEJER\u00cdA ESTUDIANTIL Es la instancia responsable de la atenci\u00f3n integral de las\/los estudiantes. Nuestro prop\u00f3sito es brindar apoyo y acompa\u00f1amiento psicol\u00f3gico, psicoeducativo, emocional, social y orientaci\u00f3n vocacional en concordancia con el marco legal vigente. La estrategia est\u00e1 fundamentalmente enmarcada en procesos de prevenci\u00f3n, [&hellip;]<\/p>\n","protected":false},"author":877,"featured_media":0,"parent":0,"menu_order":0,"comment_status":"closed","ping_status":"closed","template":"","meta":{"_monsterinsights_skip_tracking":false,"_monsterinsights_sitenote_active":false,"_monsterinsights_sitenote_note":"","_monsterinsights_sitenote_category":0},"yst_prominent_words":[202,204,201,74,203],"_links":{"self":[{"href":"https:\/\/www.pensionadoatahualpa.edu.ec\/web\/wp-json\/wp\/v2\/pages\/6064"}],"collection":[{"href":"https:\/\/www.pensionadoatahualpa.edu.ec\/web\/wp-json\/wp\/v2\/pages"}],"about":[{"href":"https:\/\/www.pensionadoatahualpa.edu.ec\/web\/wp-json\/wp\/v2\/types\/page"}],"author":[{"embeddable":true,"href":"https:\/\/www.pensionadoatahualpa.edu.ec\/web\/wp-json\/wp\/v2\/users\/877"}],"replies":[{"embeddable":true,"href":"https:\/\/www.pensionadoatahualpa.edu.ec\/web\/wp-json\/wp\/v2\/comments?post=6064"}],"version-history":[{"count":17,"href":"https:\/\/www.pensionadoatahualpa.edu.ec\/web\/wp-json\/wp\/v2\/pages\/6064\/revisions"}],"predecessor-version":[{"id":9456,"href":"https:\/\/www.pensionadoatahualpa.edu.ec\/web\/wp-json\/wp\/v2\/pages\/6064\/revisions\/9456"}],"wp:attachment":[{"href":"https:\/\/www.pensionadoatahualpa.edu.ec\/web\/wp-json\/wp\/v2\/media?parent=6064"}],"wp:term":[{"taxonomy":"yst_prominent_words","embeddable":true,"href":"https:\/\/www.pensionadoatahualpa.edu.ec\/web\/wp-json\/wp\/v2\/yst_prominent_words?post=6064"}],"curies":[{"name":"wp","href":"https:\/\/api.w.org\/{rel}","templated":true}]}}