{"id":6002,"date":"2017-12-01T12:45:11","date_gmt":"2017-12-01T17:45:11","guid":{"rendered":"https:\/\/www.pensionadoatahualpa.edu.ec\/web\/?page_id=6002"},"modified":"2018-03-13T10:25:48","modified_gmt":"2018-03-13T15:25:48","slug":"enfermeria","status":"publish","type":"page","link":"https:\/\/www.pensionadoatahualpa.edu.ec\/web\/enfermeria\/","title":{"rendered":"ENFERMER\u00cdA"},"content":{"rendered":"[vc_row fullwidth=\u00bbtrue\u00bb][vc_column][vc_column_text css=\u00bb.vc_custom_1520954725308{margin-bottom: 0px !important;}\u00bb]<img loading=\"lazy\" class=\"aligncenter wp-image-6362 size-full\" src=\"https:\/\/www.pensionadoatahualpa.edu.ec\/web\/wp-content\/uploads\/2018\/03\/enfermeria.jpg\" alt=\"\" width=\"1920\" height=\"600\" \/>[\/vc_column_text][\/vc_column][\/vc_row][vc_row][vc_column width=\u00bb1\/4&#8243;][\/vc_column][vc_column width=\u00bb1\/2&#8243;][vc_column_text css=\u00bb.vc_custom_1520954742716{margin-bottom: 0px !important;}\u00bb]\n<h2 style=\"text-align: center;\">SERVICIO DE ENFERMER\u00cdA<\/h2>\n<p>En el Pensionado Atahualpa contamos con servicio permanante de enfermer\u00eda para dar atenci\u00f3n inmediata a situaciones inesperadas de accidentes internos que se dan por ca\u00eddas que sufren los estudiantes, durante la pr\u00e1ctica deportiva o juegos propios de su edad.<\/p>\n<p>A cargo de personal profesional calificado para brindar Primeros Auxilios de manera oportuna y apropiada o, apoyar a mitigar de forma apropiada malestares y dolencias que pudieran afectar a los estudiantes hasta recibir la atenci\u00f3n en un centro m\u00e9dico si fuera necesario.[\/vc_column_text][\/vc_column][vc_column width=\u00bb1\/4&#8243;][\/vc_column][\/vc_row]\n","protected":false},"excerpt":{"rendered":"<p>[vc_row fullwidth=\u00bbtrue\u00bb][vc_column][vc_column_text css=\u00bb.vc_custom_1520954725308{margin-bottom: 0px !important;}\u00bb][\/vc_column_text][\/vc_column][\/vc_row][vc_row][vc_column width=\u00bb1\/4&#8243;][\/vc_column][vc_column width=\u00bb1\/2&#8243;][vc_column_text css=\u00bb.vc_custom_1520954742716{margin-bottom: 0px !important;}\u00bb] SERVICIO DE ENFERMER\u00cdA En el Pensionado Atahualpa contamos con servicio permanante de enfermer\u00eda para dar atenci\u00f3n inmediata a situaciones inesperadas de accidentes internos que se dan por ca\u00eddas que sufren los estudiantes, durante la pr\u00e1ctica deportiva o juegos propios de su edad. A cargo de [&hellip;]<\/p>\n","protected":false},"author":877,"featured_media":0,"parent":0,"menu_order":0,"comment_status":"closed","ping_status":"closed","template":"","meta":{"_monsterinsights_skip_tracking":false,"_monsterinsights_sitenote_active":false,"_monsterinsights_sitenote_note":"","_monsterinsights_sitenote_category":0},"yst_prominent_words":[190,193,192,126,191],"_links":{"self":[{"href":"https:\/\/www.pensionadoatahualpa.edu.ec\/web\/wp-json\/wp\/v2\/pages\/6002"}],"collection":[{"href":"https:\/\/www.pensionadoatahualpa.edu.ec\/web\/wp-json\/wp\/v2\/pages"}],"about":[{"href":"https:\/\/www.pensionadoatahualpa.edu.ec\/web\/wp-json\/wp\/v2\/types\/page"}],"author":[{"embeddable":true,"href":"https:\/\/www.pensionadoatahualpa.edu.ec\/web\/wp-json\/wp\/v2\/users\/877"}],"replies":[{"embeddable":true,"href":"https:\/\/www.pensionadoatahualpa.edu.ec\/web\/wp-json\/wp\/v2\/comments?post=6002"}],"version-history":[{"count":5,"href":"https:\/\/www.pensionadoatahualpa.edu.ec\/web\/wp-json\/wp\/v2\/pages\/6002\/revisions"}],"predecessor-version":[{"id":6498,"href":"https:\/\/www.pensionadoatahualpa.edu.ec\/web\/wp-json\/wp\/v2\/pages\/6002\/revisions\/6498"}],"wp:attachment":[{"href":"https:\/\/www.pensionadoatahualpa.edu.ec\/web\/wp-json\/wp\/v2\/media?parent=6002"}],"wp:term":[{"taxonomy":"yst_prominent_words","embeddable":true,"href":"https:\/\/www.pensionadoatahualpa.edu.ec\/web\/wp-json\/wp\/v2\/yst_prominent_words?post=6002"}],"curies":[{"name":"wp","href":"https:\/\/api.w.org\/{rel}","templated":true}]}}