{"id":5994,"date":"2017-12-01T12:42:10","date_gmt":"2017-12-01T17:42:10","guid":{"rendered":"https:\/\/www.pensionadoatahualpa.edu.ec\/web\/?page_id=5994"},"modified":"2018-03-13T10:27:17","modified_gmt":"2018-03-13T15:27:17","slug":"transporte-escolar","status":"publish","type":"page","link":"https:\/\/www.pensionadoatahualpa.edu.ec\/web\/transporte-escolar\/","title":{"rendered":"TRANSPORTE ESCOLAR"},"content":{"rendered":"[vc_row fullwidth=\u00bbtrue\u00bb][vc_column css=\u00bb.vc_custom_1517936727969{background-position: center !important;background-repeat: no-repeat !important;background-size: contain !important;}\u00bb][vc_single_image image=\u00bb6190&#8243; img_size=\u00bb1920&#215;600&#8243; alignment=\u00bbcenter\u00bb css_animation=\u00bbfadeInDown\u00bb][vc_column_text css=\u00bb.vc_custom_1520613890372{margin-bottom: 0px !important;}\u00bb]\n<h2 style=\"text-align: center;\">TRANSPORTE ESCOLAR<\/h2>\n[\/vc_column_text][\/vc_column][\/vc_row][vc_row][vc_column width=\u00bb1\/2&#8243;][vc_single_image image=\u00bb6369&#8243; img_size=\u00bbfull\u00bb alignment=\u00bbright\u00bb css_animation=\u00bbfadeInLeft\u00bb][\/vc_column][vc_column width=\u00bb1\/2&#8243;][vc_column_text css=\u00bb.vc_custom_1520613918508{margin-bottom: 0px !important;}\u00bb]El Pensionado Atahualpa brinda a sus estudiantes un servicio de transporte seguro, puntual y organizado, con conductores que han sido evaluados en su buen trato y capacidad profesional, acorde con las normativas dispuestas por la Ley de Tr\u00e1nsito.<\/p>\n<p>La cobertura del servicio es\u00a0<em>puerta-a-puerta<\/em>\u00a0e incluye a las ciudades de Ibarra, Atuntaqui y Otavalo.<\/p>\n<p>Todos los veh\u00edculos de transporte escolar ingresan hasta el parqueadero al interior de la instituci\u00f3n, brindando mayor seguridad a sus usuarios para evitar accidentes a la hora de entrada y salida.<\/p>\n<p>Consulte en la Secretar\u00eda de la instituci\u00f3n sobre las rutas y recorridos disponibles o vis\u00edtenos.[\/vc_column_text][\/vc_column][\/vc_row]\n","protected":false},"excerpt":{"rendered":"<p>[vc_row fullwidth=\u00bbtrue\u00bb][vc_column css=\u00bb.vc_custom_1517936727969{background-position: center !important;background-repeat: no-repeat !important;background-size: contain !important;}\u00bb][vc_single_image image=\u00bb6190&#8243; img_size=\u00bb1920&#215;600&#8243; alignment=\u00bbcenter\u00bb css_animation=\u00bbfadeInDown\u00bb][vc_column_text css=\u00bb.vc_custom_1520613890372{margin-bottom: 0px !important;}\u00bb] TRANSPORTE ESCOLAR [\/vc_column_text][\/vc_column][\/vc_row][vc_row][vc_column width=\u00bb1\/2&#8243;][vc_single_image image=\u00bb6369&#8243; img_size=\u00bbfull\u00bb alignment=\u00bbright\u00bb css_animation=\u00bbfadeInLeft\u00bb][\/vc_column][vc_column width=\u00bb1\/2&#8243;][vc_column_text css=\u00bb.vc_custom_1520613918508{margin-bottom: 0px !important;}\u00bb]El Pensionado Atahualpa brinda a sus estudiantes un servicio de transporte seguro, puntual y organizado, con conductores que han sido evaluados en su buen trato y capacidad profesional, [&hellip;]<\/p>\n","protected":false},"author":877,"featured_media":0,"parent":0,"menu_order":0,"comment_status":"closed","ping_status":"closed","template":"","meta":{"_monsterinsights_skip_tracking":false,"_monsterinsights_sitenote_active":false,"_monsterinsights_sitenote_note":"","_monsterinsights_sitenote_category":0},"yst_prominent_words":[198,96,191,197,196],"_links":{"self":[{"href":"https:\/\/www.pensionadoatahualpa.edu.ec\/web\/wp-json\/wp\/v2\/pages\/5994"}],"collection":[{"href":"https:\/\/www.pensionadoatahualpa.edu.ec\/web\/wp-json\/wp\/v2\/pages"}],"about":[{"href":"https:\/\/www.pensionadoatahualpa.edu.ec\/web\/wp-json\/wp\/v2\/types\/page"}],"author":[{"embeddable":true,"href":"https:\/\/www.pensionadoatahualpa.edu.ec\/web\/wp-json\/wp\/v2\/users\/877"}],"replies":[{"embeddable":true,"href":"https:\/\/www.pensionadoatahualpa.edu.ec\/web\/wp-json\/wp\/v2\/comments?post=5994"}],"version-history":[{"count":10,"href":"https:\/\/www.pensionadoatahualpa.edu.ec\/web\/wp-json\/wp\/v2\/pages\/5994\/revisions"}],"predecessor-version":[{"id":6499,"href":"https:\/\/www.pensionadoatahualpa.edu.ec\/web\/wp-json\/wp\/v2\/pages\/5994\/revisions\/6499"}],"wp:attachment":[{"href":"https:\/\/www.pensionadoatahualpa.edu.ec\/web\/wp-json\/wp\/v2\/media?parent=5994"}],"wp:term":[{"taxonomy":"yst_prominent_words","embeddable":true,"href":"https:\/\/www.pensionadoatahualpa.edu.ec\/web\/wp-json\/wp\/v2\/yst_prominent_words?post=5994"}],"curies":[{"name":"wp","href":"https:\/\/api.w.org\/{rel}","templated":true}]}}