{"id":5986,"date":"2017-12-01T12:38:31","date_gmt":"2017-12-01T17:38:31","guid":{"rendered":"https:\/\/www.pensionadoatahualpa.edu.ec\/web\/?page_id=5986"},"modified":"2024-02-19T10:38:01","modified_gmt":"2024-02-19T15:38:01","slug":"espacios-verdes","status":"publish","type":"page","link":"https:\/\/www.pensionadoatahualpa.edu.ec\/web\/espacios-verdes\/","title":{"rendered":"ESPACIOS VERDES"},"content":{"rendered":"[vc_row fullwidth=\u00bbtrue\u00bb][vc_column][vc_single_image image=\u00bb9019&#8243; img_size=\u00bbfull\u00bb][mk_fancy_title font_family=\u00bbnone\u00bb]\n<h2 style=\"text-align: center;\">ESPACIOS VERDES<\/h2>\n[\/mk_fancy_title][\/vc_column][\/vc_row][vc_row][vc_column width=\u00bb1\/2&#8243;][vc_single_image image=\u00bb9028&#8243; img_size=\u00bbfull\u00bb css_animation=\u00bbfadeInLeft\u00bb][\/vc_column][vc_column width=\u00bb1\/2&#8243;][vc_column_text css=\u00bb.vc_custom_1521646218204{margin-bottom: 0px !important;}\u00bb]El recreo es siempre la hora m\u00e1s esperada de ni\u00f1os y j\u00f3venes.\u00a0 Conscientes de aquello, hemos implementado espacios verdes recreativos para que todos nuestros estudiantes puedan disfrutar al m\u00e1ximo de su recreo y hagan mejores amigos.<\/p>\n<p>En el Pensionado Atahualpa contamos con:<\/p>\n<ul>\n<li>Juegos infantiles al aire libre.<\/li>\n<li>Facilidades recreativas.<\/li>\n<li>Espacios verdes integrados a las canchas deportivas<\/li>\n<\/ul>\n[\/vc_column_text][vc_single_image image=\u00bb6771&#8243; img_size=\u00bbfull\u00bb css_animation=\u00bbfadeInRight\u00bb][\/vc_column][\/vc_row][vc_row][vc_column width=\u00bb1\/3&#8243;][\/vc_column][vc_column width=\u00bb1\/3&#8243;][\/vc_column][vc_column width=\u00bb1\/3&#8243;][\/vc_column][\/vc_row]\n","protected":false},"excerpt":{"rendered":"<p>[vc_row fullwidth=\u00bbtrue\u00bb][vc_column][vc_single_image image=\u00bb9019&#8243; img_size=\u00bbfull\u00bb][mk_fancy_title font_family=\u00bbnone\u00bb] ESPACIOS VERDES [\/mk_fancy_title][\/vc_column][\/vc_row][vc_row][vc_column width=\u00bb1\/2&#8243;][vc_single_image image=\u00bb9028&#8243; img_size=\u00bbfull\u00bb css_animation=\u00bbfadeInLeft\u00bb][\/vc_column][vc_column width=\u00bb1\/2&#8243;][vc_column_text css=\u00bb.vc_custom_1521646218204{margin-bottom: 0px !important;}\u00bb]El recreo es siempre la hora m\u00e1s esperada de ni\u00f1os y j\u00f3venes.\u00a0 Conscientes de aquello, hemos implementado espacios verdes recreativos para que todos nuestros estudiantes puedan disfrutar al m\u00e1ximo de su recreo y hagan mejores amigos. En el Pensionado Atahualpa [&hellip;]<\/p>\n","protected":false},"author":877,"featured_media":0,"parent":0,"menu_order":0,"comment_status":"closed","ping_status":"closed","template":"","meta":{"_monsterinsights_skip_tracking":false,"_monsterinsights_sitenote_active":false,"_monsterinsights_sitenote_note":"","_monsterinsights_sitenote_category":0},"yst_prominent_words":[363,362,365,364],"_links":{"self":[{"href":"https:\/\/www.pensionadoatahualpa.edu.ec\/web\/wp-json\/wp\/v2\/pages\/5986"}],"collection":[{"href":"https:\/\/www.pensionadoatahualpa.edu.ec\/web\/wp-json\/wp\/v2\/pages"}],"about":[{"href":"https:\/\/www.pensionadoatahualpa.edu.ec\/web\/wp-json\/wp\/v2\/types\/page"}],"author":[{"embeddable":true,"href":"https:\/\/www.pensionadoatahualpa.edu.ec\/web\/wp-json\/wp\/v2\/users\/877"}],"replies":[{"embeddable":true,"href":"https:\/\/www.pensionadoatahualpa.edu.ec\/web\/wp-json\/wp\/v2\/comments?post=5986"}],"version-history":[{"count":12,"href":"https:\/\/www.pensionadoatahualpa.edu.ec\/web\/wp-json\/wp\/v2\/pages\/5986\/revisions"}],"predecessor-version":[{"id":9029,"href":"https:\/\/www.pensionadoatahualpa.edu.ec\/web\/wp-json\/wp\/v2\/pages\/5986\/revisions\/9029"}],"wp:attachment":[{"href":"https:\/\/www.pensionadoatahualpa.edu.ec\/web\/wp-json\/wp\/v2\/media?parent=5986"}],"wp:term":[{"taxonomy":"yst_prominent_words","embeddable":true,"href":"https:\/\/www.pensionadoatahualpa.edu.ec\/web\/wp-json\/wp\/v2\/yst_prominent_words?post=5986"}],"curies":[{"name":"wp","href":"https:\/\/api.w.org\/{rel}","templated":true}]}}