{"id":5984,"date":"2017-12-01T12:37:59","date_gmt":"2017-12-01T17:37:59","guid":{"rendered":"https:\/\/www.pensionadoatahualpa.edu.ec\/web\/?page_id=5984"},"modified":"2025-10-31T09:32:27","modified_gmt":"2025-10-31T14:32:27","slug":"canchas-deportivas","status":"publish","type":"page","link":"https:\/\/www.pensionadoatahualpa.edu.ec\/web\/canchas-deportivas\/","title":{"rendered":"CANCHAS DEPORTIVAS Y ESPACIOS VERDES"},"content":{"rendered":"[vc_row fullwidth=\u00bbtrue\u00bb][vc_column][vc_single_image image=\u00bb8909&#8243; img_size=\u00bbfull\u00bb alignment=\u00bbcenter\u00bb css_animation=\u00bbfadeInUp\u00bb][mk_fancy_title font_family=\u00bbnone\u00bb]\n<h2 style=\"text-align: center;\">CANCHAS DEPORTIVAS Y ESPACIOS VERDES<\/h2>\n[\/mk_fancy_title][\/vc_column][\/vc_row][vc_row css=\u00bb.vc_custom_1521644115246{background-position: center !important;background-repeat: no-repeat !important;background-size: contain !important;}\u00bb][vc_column width=\u00bb1\/2&#8243;][vc_single_image image=\u00bb9020&#8243; img_size=\u00bbfull\u00bb][\/vc_column][vc_column width=\u00bb1\/2&#8243;][vc_column_text css=\u00bb.vc_custom_1708368585947{margin-bottom: 0px !important;}\u00bb]El Pensionado Atahualpa se encuentra en un amplio campus rodeado de hermosos paisajes monta\u00f1osos de la cordillera de los Andes.<\/p>\n<p>El deporte es un aspecto escencial en la formaci\u00f3n y crecimiento de nuestros ni\u00f1os y j\u00f3venes, por esta raz\u00f3n hemos realizado un gran esfuerzo junto a todos los padres de familia de la instituci\u00f3n, para dotar de canchas y espacios verdes al aire libre y cubiertos.<\/p>\n<p>Contamos con canchas de:<\/p>\n<ul>\n<li>F\u00fatbol<\/li>\n<li>Baloncesto para j\u00f3venes y ni\u00f1os por separado<\/li>\n<li>Nataci\u00f3n<\/li>\n<li>Voley ball<\/li>\n<li>Coliseo cubierto de deportes con dos canchas de baloncesto<\/li>\n<\/ul>\n[\/vc_column_text][\/vc_column][\/vc_row][vc_row fullwidth=\u00bbtrue\u00bb visibility=\u00bbhidden-sm\u00bb animation=\u00bbbottom-to-top\u00bb][vc_column width=\u00bb1\/3&#8243;][vc_single_image image=\u00bb9021&#8243; img_size=\u00bbfull\u00bb][\/vc_column][vc_column width=\u00bb1\/3&#8243;][vc_single_image image=\u00bb9023&#8243; img_size=\u00bbfull\u00bb][\/vc_column][vc_column width=\u00bb1\/3&#8243;][vc_single_image image=\u00bb9022&#8243; img_size=\u00bbfull\u00bb][\/vc_column][\/vc_row][vc_row fullwidth=\u00bbtrue\u00bb][vc_column][mk_fancy_title font_family=\u00bbnone\u00bb]\n<h2 style=\"text-align: center;\">COLISEO\u00a0 CON DOS CANCHAS DE BALONCESTO<\/h2>\n[\/mk_fancy_title][vc_single_image image=\u00bb6792&#8243; img_size=\u00bbfull\u00bb alignment=\u00bbcenter\u00bb css_animation=\u00bbfadeInUp\u00bb][\/vc_column][\/vc_row][vc_row][vc_column][vc_single_image image=\u00bb9019&#8243; img_size=\u00bbfull\u00bb alignment=\u00bbcenter\u00bb][\/vc_column][\/vc_row]\n","protected":false},"excerpt":{"rendered":"<p>[vc_row fullwidth=\u00bbtrue\u00bb][vc_column][vc_single_image image=\u00bb8909&#8243; img_size=\u00bbfull\u00bb alignment=\u00bbcenter\u00bb css_animation=\u00bbfadeInUp\u00bb][mk_fancy_title font_family=\u00bbnone\u00bb] CANCHAS DEPORTIVAS Y ESPACIOS VERDES [\/mk_fancy_title][\/vc_column][\/vc_row][vc_row css=\u00bb.vc_custom_1521644115246{background-position: center !important;background-repeat: no-repeat !important;background-size: contain !important;}\u00bb][vc_column width=\u00bb1\/2&#8243;][vc_single_image image=\u00bb9020&#8243; img_size=\u00bbfull\u00bb][\/vc_column][vc_column width=\u00bb1\/2&#8243;][vc_column_text css=\u00bb.vc_custom_1708368585947{margin-bottom: 0px !important;}\u00bb]El Pensionado Atahualpa se encuentra en un amplio campus rodeado de hermosos paisajes monta\u00f1osos de la cordillera de los Andes. El deporte es un aspecto escencial en la formaci\u00f3n [&hellip;]<\/p>\n","protected":false},"author":877,"featured_media":0,"parent":0,"menu_order":0,"comment_status":"closed","ping_status":"closed","template":"","meta":{"_monsterinsights_skip_tracking":false,"_monsterinsights_sitenote_active":false,"_monsterinsights_sitenote_note":"","_monsterinsights_sitenote_category":0},"yst_prominent_words":[361,359,367,369,360,264],"_links":{"self":[{"href":"https:\/\/www.pensionadoatahualpa.edu.ec\/web\/wp-json\/wp\/v2\/pages\/5984"}],"collection":[{"href":"https:\/\/www.pensionadoatahualpa.edu.ec\/web\/wp-json\/wp\/v2\/pages"}],"about":[{"href":"https:\/\/www.pensionadoatahualpa.edu.ec\/web\/wp-json\/wp\/v2\/types\/page"}],"author":[{"embeddable":true,"href":"https:\/\/www.pensionadoatahualpa.edu.ec\/web\/wp-json\/wp\/v2\/users\/877"}],"replies":[{"embeddable":true,"href":"https:\/\/www.pensionadoatahualpa.edu.ec\/web\/wp-json\/wp\/v2\/comments?post=5984"}],"version-history":[{"count":24,"href":"https:\/\/www.pensionadoatahualpa.edu.ec\/web\/wp-json\/wp\/v2\/pages\/5984\/revisions"}],"predecessor-version":[{"id":9738,"href":"https:\/\/www.pensionadoatahualpa.edu.ec\/web\/wp-json\/wp\/v2\/pages\/5984\/revisions\/9738"}],"wp:attachment":[{"href":"https:\/\/www.pensionadoatahualpa.edu.ec\/web\/wp-json\/wp\/v2\/media?parent=5984"}],"wp:term":[{"taxonomy":"yst_prominent_words","embeddable":true,"href":"https:\/\/www.pensionadoatahualpa.edu.ec\/web\/wp-json\/wp\/v2\/yst_prominent_words?post=5984"}],"curies":[{"name":"wp","href":"https:\/\/api.w.org\/{rel}","templated":true}]}}