{"id":5980,"date":"2017-12-01T12:36:29","date_gmt":"2017-12-01T17:36:29","guid":{"rendered":"https:\/\/www.pensionadoatahualpa.edu.ec\/web\/?page_id=5980"},"modified":"2025-10-22T09:58:56","modified_gmt":"2025-10-22T14:58:56","slug":"laboratorios","status":"publish","type":"page","link":"https:\/\/www.pensionadoatahualpa.edu.ec\/web\/laboratorios\/","title":{"rendered":"LABORATORIOS"},"content":{"rendered":"[vc_row fullwidth=\u00bbtrue\u00bb][vc_column][vc_single_image image=\u00bb6736&#8243; img_size=\u00bbfull\u00bb alignment=\u00bbcenter\u00bb css_animation=\u00bbfadeInUp\u00bb][\/vc_column][\/vc_row][vc_row][vc_column][vc_column_text css=\u00bb.vc_custom_1760980462216{margin-bottom: 0px !important;}\u00bb]En el Pensionado Atahualpa contamos con laboratorios completamente equipados, bajo normas de seguridad y acorde con est\u00e1ndares de calidad.<\/p>\n<p>Se encuentran a disposici\u00f3n de nuestros estudiantes:[\/vc_column_text][\/vc_column][\/vc_row][vc_row][vc_column][vc_column_text css=\u00bb.vc_custom_1760980932400{margin-bottom: 0px !important;}\u00bb]\n<h1><strong>Laboratorios de Biolog\u00eda y Qu\u00edmica: Ciencia de Vanguardia<\/strong><\/h1>\n<p>Impulsamos la excelencia cient\u00edfica en nuestros Laboratorios de Biolog\u00eda y Qu\u00edmica.<\/p>\n<p>Equipados con tecnolog\u00eda de punta, estos espacios est\u00e1n dise\u00f1ados para que nuestros estudiantes pongan la teor\u00eda en pr\u00e1ctica. Aqu\u00ed, la investigaci\u00f3n y la experimentaci\u00f3n se unen, permitiendo el an\u00e1lisis avanzado y la innovaci\u00f3n.<\/p>\n<p>\u00a1Un centro de estudio donde la ciencia cobra vida y formamos a los cient\u00edficos del ma\u00f1ana![\/vc_column_text][\/vc_column][\/vc_row][vc_row][vc_column width=\u00bb1\/3&#8243;][mk_image src=\u00bbhttps:\/\/www.pensionadoatahualpa.edu.ec\/web\/wp-content\/uploads\/2024\/05\/whatsapp-image-2024-04-09-at-1.45.14-pm-2.jpeg\u00bb image_width=\u00bb650&#8243; image_height=\u00bb800&#8243;][\/vc_column][vc_column width=\u00bb1\/3&#8243;][vc_single_image image=\u00bb9159&#8243; img_size=\u00bbfull\u00bb][\/vc_column][vc_column width=\u00bb1\/3&#8243;][mk_image src=\u00bbhttps:\/\/www.pensionadoatahualpa.edu.ec\/web\/wp-content\/uploads\/2025\/10\/lab_2.jpg\u00bb image_width=\u00bb650&#8243; image_height=\u00bb800&#8243;][\/vc_column][\/vc_row][vc_row][vc_column][vc_column_text css=\u00bb.vc_custom_1760981059696{margin-bottom: 0px !important;}\u00bb]\n<h1><strong>Laboratorio de F\u00edsica: El Universo en tus Manos<\/strong><\/h1>\n<p>En nuestro Laboratorio de F\u00edsica, la teor\u00eda cobra vida.<\/p>\n<p>Equipado con tecnolog\u00eda de punta, este espacio est\u00e1 dise\u00f1ado para que los estudiantes experimenten, midan y analicen las leyes del universo. Fomentamos la investigaci\u00f3n pr\u00e1ctica y el pensamiento cr\u00edtico a trav\u00e9s de experimentos innovadores.<\/p>\n<p>\u00a1Un lugar donde la curiosidad se convierte en conocimiento aplicado![\/vc_column_text][\/vc_column][\/vc_row][vc_row][vc_column width=\u00bb1\/3&#8243;][\/vc_column][vc_column width=\u00bb1\/3&#8243;][vc_single_image image=\u00bb6739&#8243; img_size=\u00bbfull\u00bb][\/vc_column][vc_column width=\u00bb1\/3&#8243;][\/vc_column][\/vc_row][vc_row][vc_column][vc_column_text css=\u00bb.vc_custom_1760981189249{margin-bottom: 0px !important;}\u00bb]\n<h1><strong>Laboratorio de Ingl\u00e9s: Dominio del Idioma con Tecnolog\u00eda<\/strong><\/h1>\n<p>Llevamos la adquisici\u00f3n del idioma al siguiente nivel en nuestro Laboratorio de Ingl\u00e9s.<\/p>\n<p>Equipado con tecnolog\u00eda de punta, cada estudiante cuenta con su propia estaci\u00f3n de trabajo, micr\u00f3fonos y aud\u00edfonos de alta calidad. Este dise\u00f1o facilita la pr\u00e1ctica inmersiva, permitiendo mejorar la comprensi\u00f3n auditiva y la fluidez verbal de forma personalizada.<\/p>\n<p>\u00a1La herramienta perfecta para dominar el ingl\u00e9s![\/vc_column_text][\/vc_column][\/vc_row][vc_row][vc_column width=\u00bb1\/3&#8243;][vc_single_image image=\u00bb9676&#8243; img_size=\u00bbfull\u00bb][\/vc_column][vc_column width=\u00bb1\/3&#8243;][vc_single_image image=\u00bb9677&#8243; img_size=\u00bbfull\u00bb][\/vc_column][vc_column width=\u00bb1\/3&#8243;][vc_single_image image=\u00bb9678&#8243; img_size=\u00bbfull\u00bb][\/vc_column][\/vc_row][vc_row][vc_column][vc_empty_space][vc_column_text css=\u00bb.vc_custom_1760981973344{margin-bottom: 0px !important;}\u00bb]\n<h2>Nuevo Laboratorio de Ingl\u00e9s<\/h2>\n[\/vc_column_text][vc_video link=\u00bbhttps:\/\/youtu.be\/L6ev17_1N98&#8243; autoplay=\u00bbtrue\u00bb loop=\u00bbtrue\u00bb][\/vc_column][\/vc_row][vc_row][vc_column][vc_empty_space][\/vc_column][\/vc_row][vc_row][vc_column][vc_column_text css=\u00bb.vc_custom_1760981261832{margin-bottom: 0px !important;}\u00bb]\n<h1><strong>Dos Laboratorios de Computaci\u00f3n: Tecnolog\u00eda de Punta<\/strong><\/h1>\n<p>Garantizamos la excelencia digital con dos Laboratorios de Computaci\u00f3n completamente equipados con tecnolog\u00eda de punta y software de \u00faltima generaci\u00f3n.<\/p>\n<p>Estos centros son el n\u00facleo para el desarrollo de las habilidades del siglo XXI. Aqu\u00ed, la pr\u00e1ctica se une a la innovaci\u00f3n, preparando a nuestros estudiantes para un futuro digital y competitivo.<\/p>\n<p>\u00a1El dominio tecnol\u00f3gico comienza en el Pensionado Atahualpa![\/vc_column_text][\/vc_column][\/vc_row][vc_row][vc_column width=\u00bb1\/3&#8243;][vc_single_image image=\u00bb9685&#8243; img_size=\u00bbfull\u00bb][\/vc_column][vc_column width=\u00bb1\/3&#8243;][\/vc_column][vc_column width=\u00bb1\/3&#8243;][vc_single_image image=\u00bb9686&#8243; img_size=\u00bbfull\u00bb][\/vc_column][\/vc_row]\n","protected":false},"excerpt":{"rendered":"<p>[vc_row fullwidth=\u00bbtrue\u00bb][vc_column][vc_single_image image=\u00bb6736&#8243; img_size=\u00bbfull\u00bb alignment=\u00bbcenter\u00bb css_animation=\u00bbfadeInUp\u00bb][\/vc_column][\/vc_row][vc_row][vc_column][vc_column_text css=\u00bb.vc_custom_1760980462216{margin-bottom: 0px !important;}\u00bb]En el Pensionado Atahualpa contamos con laboratorios completamente equipados, bajo normas de seguridad y acorde con est\u00e1ndares de calidad. Se encuentran a disposici\u00f3n de nuestros estudiantes:[\/vc_column_text][\/vc_column][\/vc_row][vc_row][vc_column][vc_column_text css=\u00bb.vc_custom_1760980932400{margin-bottom: 0px !important;}\u00bb] Laboratorios de Biolog\u00eda y Qu\u00edmica: Ciencia de Vanguardia Impulsamos la excelencia cient\u00edfica en nuestros Laboratorios de Biolog\u00eda y [&hellip;]<\/p>\n","protected":false},"author":877,"featured_media":0,"parent":0,"menu_order":0,"comment_status":"closed","ping_status":"closed","template":"","meta":{"_monsterinsights_skip_tracking":false,"_monsterinsights_sitenote_active":false,"_monsterinsights_sitenote_note":"","_monsterinsights_sitenote_category":0},"yst_prominent_words":[357,358],"_links":{"self":[{"href":"https:\/\/www.pensionadoatahualpa.edu.ec\/web\/wp-json\/wp\/v2\/pages\/5980"}],"collection":[{"href":"https:\/\/www.pensionadoatahualpa.edu.ec\/web\/wp-json\/wp\/v2\/pages"}],"about":[{"href":"https:\/\/www.pensionadoatahualpa.edu.ec\/web\/wp-json\/wp\/v2\/types\/page"}],"author":[{"embeddable":true,"href":"https:\/\/www.pensionadoatahualpa.edu.ec\/web\/wp-json\/wp\/v2\/users\/877"}],"replies":[{"embeddable":true,"href":"https:\/\/www.pensionadoatahualpa.edu.ec\/web\/wp-json\/wp\/v2\/comments?post=5980"}],"version-history":[{"count":35,"href":"https:\/\/www.pensionadoatahualpa.edu.ec\/web\/wp-json\/wp\/v2\/pages\/5980\/revisions"}],"predecessor-version":[{"id":9700,"href":"https:\/\/www.pensionadoatahualpa.edu.ec\/web\/wp-json\/wp\/v2\/pages\/5980\/revisions\/9700"}],"wp:attachment":[{"href":"https:\/\/www.pensionadoatahualpa.edu.ec\/web\/wp-json\/wp\/v2\/media?parent=5980"}],"wp:term":[{"taxonomy":"yst_prominent_words","embeddable":true,"href":"https:\/\/www.pensionadoatahualpa.edu.ec\/web\/wp-json\/wp\/v2\/yst_prominent_words?post=5980"}],"curies":[{"name":"wp","href":"https:\/\/api.w.org\/{rel}","templated":true}]}}