{"id":5972,"date":"2017-12-01T12:33:33","date_gmt":"2017-12-01T17:33:33","guid":{"rendered":"https:\/\/www.pensionadoatahualpa.edu.ec\/web\/?page_id=5972"},"modified":"2024-05-31T07:24:19","modified_gmt":"2024-05-31T12:24:19","slug":"educacion-basica","status":"publish","type":"page","link":"https:\/\/www.pensionadoatahualpa.edu.ec\/web\/educacion-basica\/","title":{"rendered":"EDUCACI\u00d3N B\u00c1SICA"},"content":{"rendered":"[vc_row fullwidth=\u00bbtrue\u00bb][vc_column][vc_single_image image=\u00bb9045&#8243; img_size=\u00bb1900&#215;750&#8243; alignment=\u00bbcenter\u00bb][mk_fancy_title font_family=\u00bbnone\u00bb]\n<h2 style=\"text-align: center;\">EDUCACI\u00d3N GENERAL B\u00c1SICA<\/h2>\n[\/mk_fancy_title][\/vc_column][\/vc_row][vc_row][vc_column width=\u00bb1\/2&#8243;][vc_column_text css=\u00bb.vc_custom_1521515150202{margin-bottom: 0px !important;}\u00bb]\n<p style=\"text-align: right;\">En medio de un hermoso paisaje, rodeado de la cordillera de los Andes, con aire limpio y un sol siempre radiante, se encuentran las amplias instalaciones de Educaci\u00f3n General B\u00e1sica, donde\u00a0 maestras y maestros, con afecto y entrega a su labor ejercen su misi\u00f3n fundamental: facilitar el aprendizaje significativo y perdurable en sus estudiantes; promoviendo en ellos el trabajo individual, colectivo, concreto y abstracto, la b\u00fasqueda espont\u00e1nea y natural del conocimiento, la verdad mediante el h\u00e1bito a la lectura; cultivando el deporte y el arte: m\u00fasica, teatro, pintura; motivando su curiosidad, creatividad y alegr\u00eda, sin dejar de lado la disciplina, el orden, el respeto y, por sobre todo, la solidaridad para hacer de cada uno un ser humano, formado para el bien colectivo, familiar e individual.<\/p>\n<p style=\"text-align: right;\">Ese esfuerzo diario de docentes, estudiantes y padres de familia ha logrado una tradici\u00f3n educativa del Pensionado Atahualpa, que ha permitido acumplir cabalmente con los est\u00e1ndares del curr\u00edculo nacional de educaci\u00f3n y del programa de Bachillerato Internacional.<\/p>\n[\/vc_column_text][\/vc_column][vc_column width=\u00bb1\/2&#8243;][mk_padding_divider][vc_single_image image=\u00bb9048&#8243; img_size=\u00bbfull\u00bb css_animation=\u00bbfadeInRight\u00bb][\/vc_column][\/vc_row][vc_row][vc_column width=\u00bb1\/2&#8243;][mk_padding_divider][vc_single_image image=\u00bb9186&#8243; img_size=\u00bbfull\u00bb alignment=\u00bbright\u00bb css_animation=\u00bbfadeInLeft\u00bb][\/vc_column][vc_column width=\u00bb1\/2&#8243;][vc_column_text css=\u00bb.vc_custom_1717158256609{margin-bottom: 0px !important;}\u00bb]El Pensionado Atahualpa en su secci\u00f3n de Educaci\u00f3n B\u00e1sica busca:<\/p>\n<ul>\n<li>Desarrollar el pensamiento, cr\u00edtico, creativo en construcci\u00f3n de nuevos aprendizajes.<\/li>\n<li>Estimular el desarrollo del razonamiento y los procesos l\u00f3gicos y anal\u00edticos.<\/li>\n<li>Resolver conflictos desde una perspectiva positiva.<\/li>\n<li>Fortalecer el protagonismo de los estudiantes en el proceso educativo, en la interpretaci\u00f3n y soluci\u00f3n de problemas.<\/li>\n<li>Desarrollar, en t\u00e9rminos intensivos el aprendizaje de una segunda lengua: INGL\u00c9S, mediante un proceso de inmersi\u00f3n total en el idioma.<\/li>\n<li>Insertar a los ni\u00f1os en las m\u00e1s avanzadas tecnolog\u00edas, como un medio para su desarrollo acad\u00e9mico y cient\u00edfico.<\/li>\n<li>Promover la sensibilidad, gusto y comprensi\u00f3n de las diferentes manifestaciones art\u00edsticas y deportivas.<\/li>\n<\/ul>\n[\/vc_column_text][\/vc_column][\/vc_row][vc_row fullwidth=\u00bbtrue\u00bb][vc_column css=\u00bb.vc_custom_1717093971598{background-image: url(https:\/\/www.pensionadoatahualpa.edu.ec\/web\/wp-content\/uploads\/2024\/05\/img_1140-scaled.jpg?id=9188) !important;background-position: center !important;background-repeat: no-repeat !important;background-size: cover !important;}\u00bb offset=\u00bbvc_col-lg-offset-0&#8243;][vc_empty_space height=\u00bb875px\u00bb][\/vc_column][\/vc_row]\n","protected":false},"excerpt":{"rendered":"<p>[vc_row fullwidth=\u00bbtrue\u00bb][vc_column][vc_single_image image=\u00bb9045&#8243; img_size=\u00bb1900&#215;750&#8243; alignment=\u00bbcenter\u00bb][mk_fancy_title font_family=\u00bbnone\u00bb] EDUCACI\u00d3N GENERAL B\u00c1SICA [\/mk_fancy_title][\/vc_column][\/vc_row][vc_row][vc_column width=\u00bb1\/2&#8243;][vc_column_text css=\u00bb.vc_custom_1521515150202{margin-bottom: 0px !important;}\u00bb] En medio de un hermoso paisaje, rodeado de la cordillera de los Andes, con aire limpio y un sol siempre radiante, se encuentran las amplias instalaciones de Educaci\u00f3n General B\u00e1sica, donde\u00a0 maestras y maestros, con afecto y entrega a su labor [&hellip;]<\/p>\n","protected":false},"author":877,"featured_media":0,"parent":0,"menu_order":0,"comment_status":"closed","ping_status":"closed","template":"","meta":{"_monsterinsights_skip_tracking":false,"_monsterinsights_sitenote_active":false,"_monsterinsights_sitenote_note":"","_monsterinsights_sitenote_category":0},"yst_prominent_words":[125,55,324,326,327,267,53,331,330,126,329,325,328,104,102,69],"_links":{"self":[{"href":"https:\/\/www.pensionadoatahualpa.edu.ec\/web\/wp-json\/wp\/v2\/pages\/5972"}],"collection":[{"href":"https:\/\/www.pensionadoatahualpa.edu.ec\/web\/wp-json\/wp\/v2\/pages"}],"about":[{"href":"https:\/\/www.pensionadoatahualpa.edu.ec\/web\/wp-json\/wp\/v2\/types\/page"}],"author":[{"embeddable":true,"href":"https:\/\/www.pensionadoatahualpa.edu.ec\/web\/wp-json\/wp\/v2\/users\/877"}],"replies":[{"embeddable":true,"href":"https:\/\/www.pensionadoatahualpa.edu.ec\/web\/wp-json\/wp\/v2\/comments?post=5972"}],"version-history":[{"count":30,"href":"https:\/\/www.pensionadoatahualpa.edu.ec\/web\/wp-json\/wp\/v2\/pages\/5972\/revisions"}],"predecessor-version":[{"id":9213,"href":"https:\/\/www.pensionadoatahualpa.edu.ec\/web\/wp-json\/wp\/v2\/pages\/5972\/revisions\/9213"}],"wp:attachment":[{"href":"https:\/\/www.pensionadoatahualpa.edu.ec\/web\/wp-json\/wp\/v2\/media?parent=5972"}],"wp:term":[{"taxonomy":"yst_prominent_words","embeddable":true,"href":"https:\/\/www.pensionadoatahualpa.edu.ec\/web\/wp-json\/wp\/v2\/yst_prominent_words?post=5972"}],"curies":[{"name":"wp","href":"https:\/\/api.w.org\/{rel}","templated":true}]}}