{"id":5970,"date":"2017-12-01T12:32:30","date_gmt":"2017-12-01T17:32:30","guid":{"rendered":"https:\/\/www.pensionadoatahualpa.edu.ec\/web\/?page_id=5970"},"modified":"2026-01-29T12:37:10","modified_gmt":"2026-01-29T17:37:10","slug":"gobierno-estudiantil","status":"publish","type":"page","link":"https:\/\/www.pensionadoatahualpa.edu.ec\/web\/gobierno-estudiantil\/","title":{"rendered":"GOBIERNO ESTUDIANTIL 2025 &#8211; 2026"},"content":{"rendered":"[vc_row fullwidth=\u00bbtrue\u00bb][vc_column][vc_single_image image=\u00bb9763&#8243; img_size=\u00bbfull\u00bb alignment=\u00bbcenter\u00bb css_animation=\u00bbfadeInUp\u00bb][vc_column_text align=\u00bbcenter\u00bb css=\u00bb.vc_custom_1769708228830{margin-bottom: 0px !important;}\u00bb]\n<h1 style=\"text-align: center;\">GOBIERNO ESTUDIANTIL\u00a0 2025-2026<\/h1>\n[\/vc_column_text][\/vc_column][\/vc_row][vc_row][vc_column width=\u00bb1\/2&#8243;][vc_column_text css=\u00bb.vc_custom_1769704487736{margin-bottom: 0px !important;}\u00bb]\n<p style=\"text-align: center;\"><img loading=\"lazy\" class=\"size-medium wp-image-9765 aligncenter\" src=\"https:\/\/www.pensionadoatahualpa.edu.ec\/web\/wp-content\/uploads\/2026\/01\/img_3386-scaled-200x300.jpg\" alt=\"\" width=\"200\" height=\"300\" srcset=\"https:\/\/www.pensionadoatahualpa.edu.ec\/web\/wp-content\/uploads\/2026\/01\/img_3386-scaled-200x300.jpg 200w, https:\/\/www.pensionadoatahualpa.edu.ec\/web\/wp-content\/uploads\/2026\/01\/img_3386-scaled-683x1024.jpg 683w, https:\/\/www.pensionadoatahualpa.edu.ec\/web\/wp-content\/uploads\/2026\/01\/img_3386-768x1152.jpg 768w, https:\/\/www.pensionadoatahualpa.edu.ec\/web\/wp-content\/uploads\/2026\/01\/img_3386-1024x1536.jpg 1024w, https:\/\/www.pensionadoatahualpa.edu.ec\/web\/wp-content\/uploads\/2026\/01\/img_3386-1365x2048.jpg 1365w, https:\/\/www.pensionadoatahualpa.edu.ec\/web\/wp-content\/uploads\/2026\/01\/img_3386-scaled.jpg 1707w\" sizes=\"(max-width: 200px) 100vw, 200px\" \/><strong>Presidenta: Srta. Dom\u00e9nica Andrade<\/strong><\/p>\n[\/vc_column_text][vc_column_text css=\u00bb.vc_custom_1769704972337{margin-bottom: 0px !important;}\u00bb]\n<p style=\"text-align: center;\"><strong><img loading=\"lazy\" class=\"size-medium wp-image-9779 aligncenter\" src=\"https:\/\/www.pensionadoatahualpa.edu.ec\/web\/wp-content\/uploads\/2026\/01\/img_3356-scaled-200x300.jpg\" alt=\"\" width=\"200\" height=\"300\" srcset=\"https:\/\/www.pensionadoatahualpa.edu.ec\/web\/wp-content\/uploads\/2026\/01\/img_3356-scaled-200x300.jpg 200w, https:\/\/www.pensionadoatahualpa.edu.ec\/web\/wp-content\/uploads\/2026\/01\/img_3356-scaled-683x1024.jpg 683w, https:\/\/www.pensionadoatahualpa.edu.ec\/web\/wp-content\/uploads\/2026\/01\/img_3356-768x1152.jpg 768w, https:\/\/www.pensionadoatahualpa.edu.ec\/web\/wp-content\/uploads\/2026\/01\/img_3356-1024x1536.jpg 1024w, https:\/\/www.pensionadoatahualpa.edu.ec\/web\/wp-content\/uploads\/2026\/01\/img_3356-1365x2048.jpg 1365w, https:\/\/www.pensionadoatahualpa.edu.ec\/web\/wp-content\/uploads\/2026\/01\/img_3356-scaled.jpg 1707w\" sizes=\"(max-width: 200px) 100vw, 200px\" \/>Secretaria: Srta. Valentina Acosta<\/strong><\/p>\n[\/vc_column_text][\/vc_column][vc_column width=\u00bb1\/2&#8243;][vc_column_text css=\u00bb.vc_custom_1769704677809{margin-bottom: 0px !important;}\u00bb]\n<p style=\"text-align: center;\"><img loading=\"lazy\" class=\"size-medium wp-image-9777 aligncenter\" src=\"https:\/\/www.pensionadoatahualpa.edu.ec\/web\/wp-content\/uploads\/2026\/01\/img_3349-scaled-200x300.jpg\" alt=\"\" width=\"200\" height=\"300\" srcset=\"https:\/\/www.pensionadoatahualpa.edu.ec\/web\/wp-content\/uploads\/2026\/01\/img_3349-scaled-200x300.jpg 200w, https:\/\/www.pensionadoatahualpa.edu.ec\/web\/wp-content\/uploads\/2026\/01\/img_3349-scaled-683x1024.jpg 683w, https:\/\/www.pensionadoatahualpa.edu.ec\/web\/wp-content\/uploads\/2026\/01\/img_3349-768x1152.jpg 768w, https:\/\/www.pensionadoatahualpa.edu.ec\/web\/wp-content\/uploads\/2026\/01\/img_3349-1024x1536.jpg 1024w, https:\/\/www.pensionadoatahualpa.edu.ec\/web\/wp-content\/uploads\/2026\/01\/img_3349-1365x2048.jpg 1365w, https:\/\/www.pensionadoatahualpa.edu.ec\/web\/wp-content\/uploads\/2026\/01\/img_3349-scaled.jpg 1707w\" sizes=\"(max-width: 200px) 100vw, 200px\" \/><strong>Vicepresidente: Sr. Jehad Hussain<\/strong><\/p>\n[\/vc_column_text][vc_column_text css=\u00bb.vc_custom_1769705048953{margin-bottom: 0px !important;}\u00bb]\n<p style=\"text-align: center;\"><strong><img loading=\"lazy\" class=\"size-medium wp-image-9780 aligncenter\" src=\"https:\/\/www.pensionadoatahualpa.edu.ec\/web\/wp-content\/uploads\/2026\/01\/img_3345-scaled-200x300.jpg\" alt=\"\" width=\"200\" height=\"300\" srcset=\"https:\/\/www.pensionadoatahualpa.edu.ec\/web\/wp-content\/uploads\/2026\/01\/img_3345-scaled-200x300.jpg 200w, https:\/\/www.pensionadoatahualpa.edu.ec\/web\/wp-content\/uploads\/2026\/01\/img_3345-scaled-683x1024.jpg 683w, https:\/\/www.pensionadoatahualpa.edu.ec\/web\/wp-content\/uploads\/2026\/01\/img_3345-768x1152.jpg 768w, https:\/\/www.pensionadoatahualpa.edu.ec\/web\/wp-content\/uploads\/2026\/01\/img_3345-1024x1536.jpg 1024w, https:\/\/www.pensionadoatahualpa.edu.ec\/web\/wp-content\/uploads\/2026\/01\/img_3345-1365x2048.jpg 1365w, https:\/\/www.pensionadoatahualpa.edu.ec\/web\/wp-content\/uploads\/2026\/01\/img_3345-scaled.jpg 1707w\" sizes=\"(max-width: 200px) 100vw, 200px\" \/>Tesorero: Sr. Mart\u00edn Erazo<br \/>\n<\/strong><\/p>\n[\/vc_column_text][\/vc_column][\/vc_row][vc_row][vc_column width=\u00bb1\/3&#8243;][vc_column_text css=\u00bb.vc_custom_1769705715178{margin-bottom: 0px !important;}\u00bb]\n<p style=\"text-align: center;\"><img loading=\"lazy\" class=\"size-medium wp-image-9783 aligncenter\" src=\"https:\/\/www.pensionadoatahualpa.edu.ec\/web\/wp-content\/uploads\/2026\/01\/img_3368-scaled-200x300.jpg\" alt=\"\" width=\"200\" height=\"300\" srcset=\"https:\/\/www.pensionadoatahualpa.edu.ec\/web\/wp-content\/uploads\/2026\/01\/img_3368-scaled-200x300.jpg 200w, https:\/\/www.pensionadoatahualpa.edu.ec\/web\/wp-content\/uploads\/2026\/01\/img_3368-scaled-683x1024.jpg 683w, https:\/\/www.pensionadoatahualpa.edu.ec\/web\/wp-content\/uploads\/2026\/01\/img_3368-768x1152.jpg 768w, https:\/\/www.pensionadoatahualpa.edu.ec\/web\/wp-content\/uploads\/2026\/01\/img_3368-1024x1536.jpg 1024w, https:\/\/www.pensionadoatahualpa.edu.ec\/web\/wp-content\/uploads\/2026\/01\/img_3368-1365x2048.jpg 1365w, https:\/\/www.pensionadoatahualpa.edu.ec\/web\/wp-content\/uploads\/2026\/01\/img_3368-scaled.jpg 1707w\" sizes=\"(max-width: 200px) 100vw, 200px\" \/><strong>1 Vocal principal: Srta. Martina Ortiz<\/strong><\/p>\n[\/vc_column_text][\/vc_column][vc_column width=\u00bb1\/3&#8243;][vc_column_text css=\u00bb.vc_custom_1769705843065{margin-bottom: 0px !important;}\u00bb]\n<p style=\"text-align: center;\"><img loading=\"lazy\" class=\"size-medium wp-image-9785 aligncenter\" src=\"https:\/\/www.pensionadoatahualpa.edu.ec\/web\/wp-content\/uploads\/2026\/01\/img_3357-scaled-200x300.jpg\" alt=\"\" width=\"200\" height=\"300\" srcset=\"https:\/\/www.pensionadoatahualpa.edu.ec\/web\/wp-content\/uploads\/2026\/01\/img_3357-scaled-200x300.jpg 200w, https:\/\/www.pensionadoatahualpa.edu.ec\/web\/wp-content\/uploads\/2026\/01\/img_3357-scaled-683x1024.jpg 683w, https:\/\/www.pensionadoatahualpa.edu.ec\/web\/wp-content\/uploads\/2026\/01\/img_3357-768x1152.jpg 768w, https:\/\/www.pensionadoatahualpa.edu.ec\/web\/wp-content\/uploads\/2026\/01\/img_3357-1024x1536.jpg 1024w, https:\/\/www.pensionadoatahualpa.edu.ec\/web\/wp-content\/uploads\/2026\/01\/img_3357-1365x2048.jpg 1365w, https:\/\/www.pensionadoatahualpa.edu.ec\/web\/wp-content\/uploads\/2026\/01\/img_3357-scaled.jpg 1707w\" sizes=\"(max-width: 200px) 100vw, 200px\" \/><strong>2 Vocal principal: Sr. Juan Mart\u00edn Ortiz<\/strong><\/p>\n[\/vc_column_text][\/vc_column][vc_column width=\u00bb1\/3&#8243;][vc_column_text css=\u00bb.vc_custom_1769705908001{margin-bottom: 0px !important;}\u00bb]\n<p style=\"text-align: center;\"><img loading=\"lazy\" class=\"size-medium wp-image-9786 aligncenter\" src=\"https:\/\/www.pensionadoatahualpa.edu.ec\/web\/wp-content\/uploads\/2026\/01\/img_3341-scaled-200x300.jpg\" alt=\"\" width=\"200\" height=\"300\" srcset=\"https:\/\/www.pensionadoatahualpa.edu.ec\/web\/wp-content\/uploads\/2026\/01\/img_3341-scaled-200x300.jpg 200w, https:\/\/www.pensionadoatahualpa.edu.ec\/web\/wp-content\/uploads\/2026\/01\/img_3341-scaled-683x1024.jpg 683w, https:\/\/www.pensionadoatahualpa.edu.ec\/web\/wp-content\/uploads\/2026\/01\/img_3341-768x1152.jpg 768w, https:\/\/www.pensionadoatahualpa.edu.ec\/web\/wp-content\/uploads\/2026\/01\/img_3341-1024x1536.jpg 1024w, https:\/\/www.pensionadoatahualpa.edu.ec\/web\/wp-content\/uploads\/2026\/01\/img_3341-1365x2048.jpg 1365w, https:\/\/www.pensionadoatahualpa.edu.ec\/web\/wp-content\/uploads\/2026\/01\/img_3341-scaled.jpg 1707w\" sizes=\"(max-width: 200px) 100vw, 200px\" \/><strong>3 Vocal principal: Srta. Danna Almeida<\/strong><\/p>\n[\/vc_column_text][\/vc_column][\/vc_row][vc_row][vc_column width=\u00bb1\/3&#8243;][vc_column_text css=\u00bb.vc_custom_1769707584850{margin-bottom: 0px !important;}\u00bb]\n<p style=\"text-align: center;\"><img loading=\"lazy\" class=\"size-medium wp-image-9787 aligncenter\" src=\"https:\/\/www.pensionadoatahualpa.edu.ec\/web\/wp-content\/uploads\/2026\/01\/img_3342-scaled-200x300.jpg\" alt=\"\" width=\"200\" height=\"300\" srcset=\"https:\/\/www.pensionadoatahualpa.edu.ec\/web\/wp-content\/uploads\/2026\/01\/img_3342-scaled-200x300.jpg 200w, https:\/\/www.pensionadoatahualpa.edu.ec\/web\/wp-content\/uploads\/2026\/01\/img_3342-scaled-683x1024.jpg 683w, https:\/\/www.pensionadoatahualpa.edu.ec\/web\/wp-content\/uploads\/2026\/01\/img_3342-768x1152.jpg 768w, https:\/\/www.pensionadoatahualpa.edu.ec\/web\/wp-content\/uploads\/2026\/01\/img_3342-1024x1536.jpg 1024w, https:\/\/www.pensionadoatahualpa.edu.ec\/web\/wp-content\/uploads\/2026\/01\/img_3342-1365x2048.jpg 1365w, https:\/\/www.pensionadoatahualpa.edu.ec\/web\/wp-content\/uploads\/2026\/01\/img_3342-scaled.jpg 1707w\" sizes=\"(max-width: 200px) 100vw, 200px\" \/><strong>1 Vocal suplente: Sr. Gustavo Villares<\/strong><\/p>\n[\/vc_column_text][\/vc_column][vc_column width=\u00bb1\/3&#8243;][vc_column_text css=\u00bb.vc_custom_1769707928165{margin-bottom: 0px !important;}\u00bb]\n<p style=\"text-align: center;\"><img loading=\"lazy\" class=\"size-medium wp-image-9788 aligncenter\" src=\"https:\/\/www.pensionadoatahualpa.edu.ec\/web\/wp-content\/uploads\/2026\/01\/img_3364-scaled-200x300.jpg\" alt=\"\" width=\"200\" height=\"300\" srcset=\"https:\/\/www.pensionadoatahualpa.edu.ec\/web\/wp-content\/uploads\/2026\/01\/img_3364-scaled-200x300.jpg 200w, https:\/\/www.pensionadoatahualpa.edu.ec\/web\/wp-content\/uploads\/2026\/01\/img_3364-scaled-683x1024.jpg 683w, https:\/\/www.pensionadoatahualpa.edu.ec\/web\/wp-content\/uploads\/2026\/01\/img_3364-768x1152.jpg 768w, https:\/\/www.pensionadoatahualpa.edu.ec\/web\/wp-content\/uploads\/2026\/01\/img_3364-1024x1536.jpg 1024w, https:\/\/www.pensionadoatahualpa.edu.ec\/web\/wp-content\/uploads\/2026\/01\/img_3364-1365x2048.jpg 1365w, https:\/\/www.pensionadoatahualpa.edu.ec\/web\/wp-content\/uploads\/2026\/01\/img_3364-scaled.jpg 1707w\" sizes=\"(max-width: 200px) 100vw, 200px\" \/><strong>2 Vocal suplente: Srta. Isabella L\u00f3pez<\/strong><\/p>\n[\/vc_column_text][\/vc_column][vc_column width=\u00bb1\/3&#8243;][vc_column_text css=\u00bb.vc_custom_1769707992223{margin-bottom: 0px !important;}\u00bb]\n<p style=\"text-align: center;\"><img loading=\"lazy\" class=\"size-medium wp-image-9789 aligncenter\" src=\"https:\/\/www.pensionadoatahualpa.edu.ec\/web\/wp-content\/uploads\/2026\/01\/img_3362-scaled-200x300.jpg\" alt=\"\" width=\"200\" height=\"300\" srcset=\"https:\/\/www.pensionadoatahualpa.edu.ec\/web\/wp-content\/uploads\/2026\/01\/img_3362-scaled-200x300.jpg 200w, https:\/\/www.pensionadoatahualpa.edu.ec\/web\/wp-content\/uploads\/2026\/01\/img_3362-scaled-683x1024.jpg 683w, https:\/\/www.pensionadoatahualpa.edu.ec\/web\/wp-content\/uploads\/2026\/01\/img_3362-768x1152.jpg 768w, https:\/\/www.pensionadoatahualpa.edu.ec\/web\/wp-content\/uploads\/2026\/01\/img_3362-1024x1536.jpg 1024w, https:\/\/www.pensionadoatahualpa.edu.ec\/web\/wp-content\/uploads\/2026\/01\/img_3362-1365x2048.jpg 1365w, https:\/\/www.pensionadoatahualpa.edu.ec\/web\/wp-content\/uploads\/2026\/01\/img_3362-scaled.jpg 1707w\" sizes=\"(max-width: 200px) 100vw, 200px\" \/><strong>3 Vocal suplente: Sr. Diego Due\u00f1as<\/strong><\/p>\n[\/vc_column_text][\/vc_column][\/vc_row][vc_row][vc_column][vc_column_text css=\u00bb.vc_custom_1769708132183{margin-bottom: 0px !important;}\u00bb]\n<p style=\"text-align: center;\"><img loading=\"lazy\" class=\"size-medium wp-image-9791 aligncenter\" src=\"https:\/\/www.pensionadoatahualpa.edu.ec\/web\/wp-content\/uploads\/2026\/01\/img_3346-scaled-200x300.jpg\" alt=\"\" width=\"200\" height=\"300\" srcset=\"https:\/\/www.pensionadoatahualpa.edu.ec\/web\/wp-content\/uploads\/2026\/01\/img_3346-scaled-200x300.jpg 200w, https:\/\/www.pensionadoatahualpa.edu.ec\/web\/wp-content\/uploads\/2026\/01\/img_3346-scaled-683x1024.jpg 683w, https:\/\/www.pensionadoatahualpa.edu.ec\/web\/wp-content\/uploads\/2026\/01\/img_3346-768x1152.jpg 768w, https:\/\/www.pensionadoatahualpa.edu.ec\/web\/wp-content\/uploads\/2026\/01\/img_3346-1024x1536.jpg 1024w, https:\/\/www.pensionadoatahualpa.edu.ec\/web\/wp-content\/uploads\/2026\/01\/img_3346-1365x2048.jpg 1365w, https:\/\/www.pensionadoatahualpa.edu.ec\/web\/wp-content\/uploads\/2026\/01\/img_3346-scaled.jpg 1707w\" sizes=\"(max-width: 200px) 100vw, 200px\" \/><strong>Jefe de campa\u00f1a: Sr. Mart\u00edn P\u00e9rez<\/strong><\/p>\n[\/vc_column_text][\/vc_column][\/vc_row]\n","protected":false},"excerpt":{"rendered":"<p>[vc_row fullwidth=\u00bbtrue\u00bb][vc_column][vc_single_image image=\u00bb9763&#8243; img_size=\u00bbfull\u00bb alignment=\u00bbcenter\u00bb css_animation=\u00bbfadeInUp\u00bb][vc_column_text align=\u00bbcenter\u00bb css=\u00bb.vc_custom_1769708228830{margin-bottom: 0px !important;}\u00bb] GOBIERNO ESTUDIANTIL\u00a0 2025-2026 [\/vc_column_text][\/vc_column][\/vc_row][vc_row][vc_column width=\u00bb1\/2&#8243;][vc_column_text css=\u00bb.vc_custom_1769704487736{margin-bottom: 0px !important;}\u00bb] Presidenta: Srta. Dom\u00e9nica Andrade [\/vc_column_text][vc_column_text css=\u00bb.vc_custom_1769704972337{margin-bottom: 0px !important;}\u00bb] Secretaria: Srta. Valentina Acosta [\/vc_column_text][\/vc_column][vc_column width=\u00bb1\/2&#8243;][vc_column_text css=\u00bb.vc_custom_1769704677809{margin-bottom: 0px !important;}\u00bb] Vicepresidente: Sr. Jehad Hussain [\/vc_column_text][vc_column_text css=\u00bb.vc_custom_1769705048953{margin-bottom: 0px !important;}\u00bb] Tesorero: Sr. Mart\u00edn Erazo [\/vc_column_text][\/vc_column][\/vc_row][vc_row][vc_column width=\u00bb1\/3&#8243;][vc_column_text css=\u00bb.vc_custom_1769705715178{margin-bottom: 0px !important;}\u00bb] 1 Vocal principal: [&hellip;]<\/p>\n","protected":false},"author":877,"featured_media":0,"parent":0,"menu_order":0,"comment_status":"closed","ping_status":"closed","template":"","meta":{"_monsterinsights_skip_tracking":false,"_monsterinsights_sitenote_active":false,"_monsterinsights_sitenote_note":"","_monsterinsights_sitenote_category":0},"yst_prominent_words":[704,693,690,694,703,698,605,328,697,702,189,640,696,699,692,689,701,695,691,700],"_links":{"self":[{"href":"https:\/\/www.pensionadoatahualpa.edu.ec\/web\/wp-json\/wp\/v2\/pages\/5970"}],"collection":[{"href":"https:\/\/www.pensionadoatahualpa.edu.ec\/web\/wp-json\/wp\/v2\/pages"}],"about":[{"href":"https:\/\/www.pensionadoatahualpa.edu.ec\/web\/wp-json\/wp\/v2\/types\/page"}],"author":[{"embeddable":true,"href":"https:\/\/www.pensionadoatahualpa.edu.ec\/web\/wp-json\/wp\/v2\/users\/877"}],"replies":[{"embeddable":true,"href":"https:\/\/www.pensionadoatahualpa.edu.ec\/web\/wp-json\/wp\/v2\/comments?post=5970"}],"version-history":[{"count":36,"href":"https:\/\/www.pensionadoatahualpa.edu.ec\/web\/wp-json\/wp\/v2\/pages\/5970\/revisions"}],"predecessor-version":[{"id":7233,"href":"https:\/\/www.pensionadoatahualpa.edu.ec\/web\/wp-json\/wp\/v2\/pages\/5970\/revisions\/7233"}],"wp:attachment":[{"href":"https:\/\/www.pensionadoatahualpa.edu.ec\/web\/wp-json\/wp\/v2\/media?parent=5970"}],"wp:term":[{"taxonomy":"yst_prominent_words","embeddable":true,"href":"https:\/\/www.pensionadoatahualpa.edu.ec\/web\/wp-json\/wp\/v2\/yst_prominent_words?post=5970"}],"curies":[{"name":"wp","href":"https:\/\/api.w.org\/{rel}","templated":true}]}}