{"id":5966,"date":"2017-12-01T12:31:22","date_gmt":"2017-12-01T17:31:22","guid":{"rendered":"https:\/\/www.pensionadoatahualpa.edu.ec\/web\/?page_id=5966"},"modified":"2025-10-19T13:10:36","modified_gmt":"2025-10-19T18:10:36","slug":"modelo-de-gestion","status":"publish","type":"page","link":"https:\/\/www.pensionadoatahualpa.edu.ec\/web\/modelo-de-gestion\/","title":{"rendered":"MODELO DE GESTI\u00d3N"},"content":{"rendered":"[vc_row fullwidth=\u00bbtrue\u00bb][vc_column][vc_column_text disable_pattern=\u00bbfalse\u00bb css=\u00bb.vc_custom_1698155300704{margin-bottom: 0px !important;}\u00bb][\/vc_column_text][\/vc_column][\/vc_row][vc_row][vc_column][mk_image src=\u00bbhttps:\/\/www.pensionadoatahualpa.edu.ec\/web\/wp-content\/uploads\/2025\/10\/biblioteca-digital-2.png\u00bb align=\u00bbcenter\u00bb][\/vc_column][\/vc_row][vc_row][vc_column][vc_empty_space height=\u00bb50px\u00bb][vc_column_text css=\u00bb.vc_custom_1700654795368{margin-bottom: 0px !important;}\u00bb]\n<h2 style=\"text-align: center;\">MODELO DE GESTI\u00d3N<\/h2>\n<p>El Pensionado Atahualpa es una organizaci\u00f3n sin fines de lucro.\u00a0 El modelo de gesti\u00f3n establece que todos los Padres de Familia de estudiantes matriculados son socios de la instituci\u00f3n.\u00a0 La Unidad Educativa es administrada por un Comit\u00e9 Ejecutivo y su Directorio (cuyos miembros son padres de familia) y representada por los presidentes de padres de familia de todos los grados y cursos de la instituci\u00f3n.<\/p>\n<p>Esto permite que\u00a0 las prioridades sean establecidas de acuerdo a las necesidades de la comunidad educativa y el 100% de los excedentes de los ingresos generados por autogesti\u00f3n y cobro de colegiatura y pensiones, sean reinvertidos en mejoras permanentes en infraestructura educativa, equipamiento, mantenimiento y una plantilla docente de primer nivel.<\/p>\n<p>La participaci\u00f3n real y activa de los padres y madres de familia en el proceso educativo, fortalecen los v\u00ednculos y le brindan un valor agregado a la formaci\u00f3n de los ni\u00f1os y j\u00f3venes, siendo parte fundamental de la gran Familia Educativa del Pensionado Atahualpa.[\/vc_column_text][\/vc_column][\/vc_row][vc_row fullwidth=\u00bbtrue\u00bb][vc_column][vc_column_text disable_pattern=\u00bbfalse\u00bb css=\u00bb.vc_custom_1698155292921{margin-bottom: 0px !important;}\u00bb][\/vc_column_text][\/vc_column][\/vc_row]\n","protected":false},"excerpt":{"rendered":"<p>[vc_row fullwidth=\u00bbtrue\u00bb][vc_column][vc_column_text disable_pattern=\u00bbfalse\u00bb css=\u00bb.vc_custom_1698155300704{margin-bottom: 0px !important;}\u00bb][\/vc_column_text][\/vc_column][\/vc_row][vc_row][vc_column][mk_image src=\u00bbhttps:\/\/www.pensionadoatahualpa.edu.ec\/web\/wp-content\/uploads\/2025\/10\/biblioteca-digital-2.png\u00bb align=\u00bbcenter\u00bb][\/vc_column][\/vc_row][vc_row][vc_column][vc_empty_space height=\u00bb50px\u00bb][vc_column_text css=\u00bb.vc_custom_1700654795368{margin-bottom: 0px !important;}\u00bb] MODELO DE GESTI\u00d3N El Pensionado Atahualpa es una organizaci\u00f3n sin fines de lucro.\u00a0 El modelo de gesti\u00f3n establece que todos los Padres de Familia de estudiantes matriculados son socios de la instituci\u00f3n.\u00a0 La Unidad Educativa es administrada por un Comit\u00e9 Ejecutivo y su [&hellip;]<\/p>\n","protected":false},"author":877,"featured_media":0,"parent":0,"menu_order":0,"comment_status":"closed","ping_status":"closed","template":"","meta":{"_monsterinsights_skip_tracking":false,"_monsterinsights_sitenote_active":false,"_monsterinsights_sitenote_note":"","_monsterinsights_sitenote_category":0},"yst_prominent_words":[55,159,74,98,71,396,96,70,67,97,94,104,102],"_links":{"self":[{"href":"https:\/\/www.pensionadoatahualpa.edu.ec\/web\/wp-json\/wp\/v2\/pages\/5966"}],"collection":[{"href":"https:\/\/www.pensionadoatahualpa.edu.ec\/web\/wp-json\/wp\/v2\/pages"}],"about":[{"href":"https:\/\/www.pensionadoatahualpa.edu.ec\/web\/wp-json\/wp\/v2\/types\/page"}],"author":[{"embeddable":true,"href":"https:\/\/www.pensionadoatahualpa.edu.ec\/web\/wp-json\/wp\/v2\/users\/877"}],"replies":[{"embeddable":true,"href":"https:\/\/www.pensionadoatahualpa.edu.ec\/web\/wp-json\/wp\/v2\/comments?post=5966"}],"version-history":[{"count":31,"href":"https:\/\/www.pensionadoatahualpa.edu.ec\/web\/wp-json\/wp\/v2\/pages\/5966\/revisions"}],"predecessor-version":[{"id":9633,"href":"https:\/\/www.pensionadoatahualpa.edu.ec\/web\/wp-json\/wp\/v2\/pages\/5966\/revisions\/9633"}],"wp:attachment":[{"href":"https:\/\/www.pensionadoatahualpa.edu.ec\/web\/wp-json\/wp\/v2\/media?parent=5966"}],"wp:term":[{"taxonomy":"yst_prominent_words","embeddable":true,"href":"https:\/\/www.pensionadoatahualpa.edu.ec\/web\/wp-json\/wp\/v2\/yst_prominent_words?post=5966"}],"curies":[{"name":"wp","href":"https:\/\/api.w.org\/{rel}","templated":true}]}}