{"id":5964,"date":"2017-12-01T12:30:50","date_gmt":"2017-12-01T17:30:50","guid":{"rendered":"https:\/\/www.pensionadoatahualpa.edu.ec\/web\/?page_id=5964"},"modified":"2024-05-31T07:14:09","modified_gmt":"2024-05-31T12:14:09","slug":"modelo-pedagogico","status":"publish","type":"page","link":"https:\/\/www.pensionadoatahualpa.edu.ec\/web\/modelo-pedagogico\/","title":{"rendered":"MODELO PEDAG\u00d3GICO"},"content":{"rendered":"[vc_row][vc_column][mk_padding_divider size=\u00bb100&#8243;][\/vc_column][\/vc_row][vc_row fullwidth=\u00bbtrue\u00bb column_padding=\u00bb10&#8243; parallax=\u00bbcontent-moving\u00bb][vc_column width=\u00bb1\/2&#8243;][vc_column_text css=\u00bb.vc_custom_1520953978880{margin-bottom: 0px !important;}\u00bb]\n<h2 style=\"text-align: right;\">Modelo Pedag\u00f3gico<\/h2>\n<p style=\"text-align: right;\">El objetivo primordial del Pensionado Atahualpa es formar seres humanos con habilidades de aprendizaje, autogesti\u00f3n y metacognici\u00f3n que le permitan continuar aprendiendo durante toda su vida.<\/p>\n<p style=\"text-align: right;\">En consonancia con esta meta, nuestro modelo de ense\u00f1anza \u2013 aprendizaje se fundamenta en el modelo pedag\u00f3gico constructivista, sustentado en el desarrollo cognoscitivo que se produce por la relaci\u00f3n entre la experiencia que se tiene con el medio circundante y las estructuras de pensamiento que se van desarrollando a partir de esta relaci\u00f3n para adaptarse al mundo.<\/p>\n<p style=\"text-align: right;\">Siendo as\u00ed, el aprendizaje no se da por la transmisi\u00f3n de otros, pero no como transmisores de ense\u00f1anzas sino con su ayuda o asistencia en el proceso de ense\u00f1anza aprendizaje.<br \/>\nLos maestros de la instituci\u00f3n fundamentan su tarea en este enfoque, convencidos que no transmiten aprendizajes sino ayudan a los estudiantes a llegar a ellos.<\/p>\n<p style=\"text-align: right;\">Se activa a trav\u00e9s de herramientas, estrategias, experiencias pedag\u00f3gicas, etc., los conocimientos previos de los estudiantes para que, luego de un proceso, estos conocimientos se fortalezcan y constituyan aprendizajes previos para nuevas oportunidades de aprendizaje.<\/p>\n<p style=\"text-align: right;\">Convencidos que el aprendizaje no solo es un acto individual sino social, que todo espacio y momento es propicio para el aprendizaje no solo el momento de la clase y en la escuela; y que depende de la calidad de experiencias que se brinda a los estudiantes para que ellos se conviertan en individuos proactivos, preparados para continuar en proceso de constante aprendizaje y enfrentar los desaf\u00edos de la globalizaci\u00f3n.<\/p>\n[\/vc_column_text][\/vc_column][vc_column width=\u00bb1\/2&#8243;][vc_column_text css=\u00bb.vc_custom_1518196031673{margin-bottom: 0px !important;}\u00bb]<img loading=\"lazy\" class=\"alignright wp-image-6274 size-full\" src=\"https:\/\/www.pensionadoatahualpa.edu.ec\/web\/wp-content\/uploads\/2018\/02\/modelo_pedag.jpg\" alt=\"\" width=\"960\" height=\"960\" srcset=\"https:\/\/www.pensionadoatahualpa.edu.ec\/web\/wp-content\/uploads\/2018\/02\/modelo_pedag.jpg 960w, https:\/\/www.pensionadoatahualpa.edu.ec\/web\/wp-content\/uploads\/2018\/02\/modelo_pedag-150x150.jpg 150w, https:\/\/www.pensionadoatahualpa.edu.ec\/web\/wp-content\/uploads\/2018\/02\/modelo_pedag-300x300.jpg 300w, https:\/\/www.pensionadoatahualpa.edu.ec\/web\/wp-content\/uploads\/2018\/02\/modelo_pedag-768x768.jpg 768w\" sizes=\"(max-width: 960px) 100vw, 960px\" \/>[\/vc_column_text][\/vc_column][\/vc_row]\n","protected":false},"excerpt":{"rendered":"<p>[vc_row][vc_column][mk_padding_divider size=\u00bb100&#8243;][\/vc_column][\/vc_row][vc_row fullwidth=\u00bbtrue\u00bb column_padding=\u00bb10&#8243; parallax=\u00bbcontent-moving\u00bb][vc_column width=\u00bb1\/2&#8243;][vc_column_text css=\u00bb.vc_custom_1520953978880{margin-bottom: 0px !important;}\u00bb] Modelo Pedag\u00f3gico El objetivo primordial del Pensionado Atahualpa es formar seres humanos con habilidades de aprendizaje, autogesti\u00f3n y metacognici\u00f3n que le permitan continuar aprendiendo durante toda su vida. En consonancia con esta meta, nuestro modelo de ense\u00f1anza \u2013 aprendizaje se fundamenta en el modelo pedag\u00f3gico constructivista, [&hellip;]<\/p>\n","protected":false},"author":877,"featured_media":0,"parent":0,"menu_order":0,"comment_status":"closed","ping_status":"closed","template":"","meta":{"_monsterinsights_skip_tracking":false,"_monsterinsights_sitenote_active":false,"_monsterinsights_sitenote_note":"","_monsterinsights_sitenote_category":0},"yst_prominent_words":[140,142,139,127,124,126,143,70,135,146,136,144,69,134,145],"_links":{"self":[{"href":"https:\/\/www.pensionadoatahualpa.edu.ec\/web\/wp-json\/wp\/v2\/pages\/5964"}],"collection":[{"href":"https:\/\/www.pensionadoatahualpa.edu.ec\/web\/wp-json\/wp\/v2\/pages"}],"about":[{"href":"https:\/\/www.pensionadoatahualpa.edu.ec\/web\/wp-json\/wp\/v2\/types\/page"}],"author":[{"embeddable":true,"href":"https:\/\/www.pensionadoatahualpa.edu.ec\/web\/wp-json\/wp\/v2\/users\/877"}],"replies":[{"embeddable":true,"href":"https:\/\/www.pensionadoatahualpa.edu.ec\/web\/wp-json\/wp\/v2\/comments?post=5964"}],"version-history":[{"count":10,"href":"https:\/\/www.pensionadoatahualpa.edu.ec\/web\/wp-json\/wp\/v2\/pages\/5964\/revisions"}],"predecessor-version":[{"id":9206,"href":"https:\/\/www.pensionadoatahualpa.edu.ec\/web\/wp-json\/wp\/v2\/pages\/5964\/revisions\/9206"}],"wp:attachment":[{"href":"https:\/\/www.pensionadoatahualpa.edu.ec\/web\/wp-json\/wp\/v2\/media?parent=5964"}],"wp:term":[{"taxonomy":"yst_prominent_words","embeddable":true,"href":"https:\/\/www.pensionadoatahualpa.edu.ec\/web\/wp-json\/wp\/v2\/yst_prominent_words?post=5964"}],"curies":[{"name":"wp","href":"https:\/\/api.w.org\/{rel}","templated":true}]}}