{"id":5962,"date":"2017-12-01T12:30:20","date_gmt":"2017-12-01T17:30:20","guid":{"rendered":"https:\/\/www.pensionadoatahualpa.edu.ec\/web\/?page_id=5962"},"modified":"2023-11-21T10:38:24","modified_gmt":"2023-11-21T15:38:24","slug":"principios","status":"publish","type":"page","link":"https:\/\/www.pensionadoatahualpa.edu.ec\/web\/principios\/","title":{"rendered":"PRINCIPIOS"},"content":{"rendered":"[vc_row fullwidth=\u00bbtrue\u00bb][vc_column][vc_column_text css=\u00bb.vc_custom_1518192415750{margin-bottom: 0px !important;}\u00bb]<img loading=\"lazy\" class=\"wp-image-6266 size-full aligncenter\" src=\"https:\/\/www.pensionadoatahualpa.edu.ec\/web\/wp-content\/uploads\/2018\/02\/principios.jpg\" alt=\"\" width=\"1920\" height=\"400\" srcset=\"https:\/\/www.pensionadoatahualpa.edu.ec\/web\/wp-content\/uploads\/2018\/02\/principios.jpg 1920w, https:\/\/www.pensionadoatahualpa.edu.ec\/web\/wp-content\/uploads\/2018\/02\/principios-300x63.jpg 300w, https:\/\/www.pensionadoatahualpa.edu.ec\/web\/wp-content\/uploads\/2018\/02\/principios-768x160.jpg 768w, https:\/\/www.pensionadoatahualpa.edu.ec\/web\/wp-content\/uploads\/2018\/02\/principios-1024x213.jpg 1024w\" sizes=\"(max-width: 1920px) 100vw, 1920px\" \/>[\/vc_column_text][\/vc_column][\/vc_row][vc_row][vc_column width=\u00bb1\/4&#8243;][\/vc_column][vc_column width=\u00bb1\/2&#8243;][mk_fancy_title font_family=\u00bbnone\u00bb]\n<h2 style=\"text-align: center;\">Nuestros Principios<\/h2>\n[\/mk_fancy_title][mk_custom_list]\n<ul>\n<li>Desarrollamos habilidades metacognitivas, afectivas y de autogesti\u00f3n<\/li>\n<li>Trabajo en equipo<\/li>\n<li>Solventes en la comunicaci\u00f3n<\/li>\n<li>Educaci\u00f3n inclusiva<\/li>\n<li>Mentalidad abierta<\/li>\n<li>Desarrollamos habilidades de pensamiento cr\u00edtico, reflexivo y creativo<\/li>\n<li>Investigadores<\/li>\n<li>Uso responsable de la Tics<\/li>\n<li>Educaci\u00f3n integral<\/li>\n<li>Integridad y honradez<\/li>\n<li>Respeto y tolerancia<\/li>\n<li>Libertad con responsabilidad<\/li>\n<li>Comprometidos con el planeta<\/li>\n<li>Formamos estudiantes audaces y valientes<\/li>\n<li>S\u00f3lida colaboraci\u00f3n entre docentes y padres de familia<\/li>\n<\/ul>\n[\/mk_custom_list][\/vc_column][vc_column width=\u00bb1\/4&#8243;][\/vc_column][\/vc_row][vc_row][vc_column width=\u00bb1\/4&#8243;][\/vc_column][vc_column width=\u00bb1\/2&#8243;][mk_padding_divider size=\u00bb30&#8243; visibility=\u00bbhidden-sm\u00bb][\/vc_column][vc_column width=\u00bb1\/4&#8243;][\/vc_column][\/vc_row][vc_row fullwidth=\u00bbtrue\u00bb visibility=\u00bbhidden-sm\u00bb][vc_column][vc_column_text css=\u00bb.vc_custom_1700580963186{margin-bottom: 0px !important;}\u00bb]\n<h6 style=\"text-align: center;\"><img loading=\"lazy\" class=\"alignnone wp-image-8980 size-full\" src=\"https:\/\/www.pensionadoatahualpa.edu.ec\/web\/wp-content\/uploads\/2023\/11\/diseno-sin-titulo-9.png\" alt=\"\" width=\"1920\" height=\"800\" srcset=\"https:\/\/www.pensionadoatahualpa.edu.ec\/web\/wp-content\/uploads\/2023\/11\/diseno-sin-titulo-9.png 1920w, https:\/\/www.pensionadoatahualpa.edu.ec\/web\/wp-content\/uploads\/2023\/11\/diseno-sin-titulo-9-300x125.png 300w, https:\/\/www.pensionadoatahualpa.edu.ec\/web\/wp-content\/uploads\/2023\/11\/diseno-sin-titulo-9-1024x427.png 1024w, https:\/\/www.pensionadoatahualpa.edu.ec\/web\/wp-content\/uploads\/2023\/11\/diseno-sin-titulo-9-768x320.png 768w, https:\/\/www.pensionadoatahualpa.edu.ec\/web\/wp-content\/uploads\/2023\/11\/diseno-sin-titulo-9-1536x640.png 1536w\" sizes=\"(max-width: 1920px) 100vw, 1920px\" \/><\/h6>\n<h6 style=\"text-align: center;\">\u00abUn ni\u00f1o puede ense\u00f1ar 3 cosas a un adulto: a ponerse contento sin motivo, a estar siempre ocupado con algo y a saber exigir con todas sus fuerzas aquello que desea\u00bb<\/h6>\n<p style=\"text-align: center;\">Paulo Coelho<\/p>\n[\/vc_column_text][\/vc_column][\/vc_row][vc_row][vc_column][vc_single_image image=\u00bb6323&#8243; img_size=\u00bb800&#215;534&#8243; alignment=\u00bbcenter\u00bb css_animation=\u00bbbounceInUp\u00bb][\/vc_column][\/vc_row][vc_row][vc_column][vc_empty_space][vc_column_text css=\u00bb.vc_custom_1522813081172{margin-bottom: 0px !important;}\u00bb]\n<h2 style=\"text-align: center;\">LO M\u00c1S IMPORTANTE, EL CUIDADO DE NUESTROS NI\u00d1OS Y J\u00d3VENES<\/h2>\n[\/vc_column_text][\/vc_column][\/vc_row][vc_row fullwidth=\u00bbtrue\u00bb][vc_column width=\u00bb1\/2&#8243;][vc_video link=\u00bbhttps:\/\/vimeo.com\/263093355&#8243; animation=\u00bbbottom-to-top\u00bb][\/vc_column][vc_column width=\u00bb1\/2&#8243;][vc_video link=\u00bbhttps:\/\/vimeo.com\/263093150&#8243; animation=\u00bbbottom-to-top\u00bb][\/vc_column][\/vc_row][vc_row][vc_column][vc_empty_space][vc_btn title=\u00bbGU\u00cdA PARA PREVENIR LA VIOLENCIA SEXUAL EN EL SISTEMA EDUCATIVO\u00bb style=\u00bb3d\u00bb shape=\u00bbsquare\u00bb color=\u00bbdefault\u00bb align=\u00bbcenter\u00bb i_icon_fontawesome=\u00bb\u00bb css_animation=\u00bbfadeInLeft\u00bb add_icon=\u00bbtrue\u00bb custom_onclick=\u00bbtrue\u00bb link=\u00bburl:https%3A%2F%2Feducacion.gob.ec%2Fwp-content%2Fuploads%2Fdownloads%2F2018%2F10%2FGuia-Super-Profes.pdf||target:%20_blank|\u00bb][vc_video link=\u00bbhttps:\/\/youtu.be\/JfT3-UtouUU\u00bb animation=\u00bbbottom-to-top\u00bb][vc_empty_space][\/vc_column][\/vc_row]\n","protected":false},"excerpt":{"rendered":"<p>[vc_row fullwidth=\u00bbtrue\u00bb][vc_column][vc_column_text css=\u00bb.vc_custom_1518192415750{margin-bottom: 0px !important;}\u00bb][\/vc_column_text][\/vc_column][\/vc_row][vc_row][vc_column width=\u00bb1\/4&#8243;][\/vc_column][vc_column width=\u00bb1\/2&#8243;][mk_fancy_title font_family=\u00bbnone\u00bb] Nuestros Principios [\/mk_fancy_title][mk_custom_list] Desarrollamos habilidades metacognitivas, afectivas y de autogesti\u00f3n Trabajo en equipo Solventes en la comunicaci\u00f3n Educaci\u00f3n inclusiva Mentalidad abierta Desarrollamos habilidades de pensamiento cr\u00edtico, reflexivo y creativo Investigadores Uso responsable de la Tics Educaci\u00f3n integral Integridad y honradez Respeto y tolerancia Libertad con responsabilidad Comprometidos [&hellip;]<\/p>\n","protected":false},"author":877,"featured_media":0,"parent":0,"menu_order":0,"comment_status":"closed","ping_status":"closed","template":"","meta":{"_monsterinsights_skip_tracking":false,"_monsterinsights_sitenote_active":false,"_monsterinsights_sitenote_note":"","_monsterinsights_sitenote_category":0},"yst_prominent_words":[163,186,188,122,121,53,126,123,96,75,187,189,185,184],"_links":{"self":[{"href":"https:\/\/www.pensionadoatahualpa.edu.ec\/web\/wp-json\/wp\/v2\/pages\/5962"}],"collection":[{"href":"https:\/\/www.pensionadoatahualpa.edu.ec\/web\/wp-json\/wp\/v2\/pages"}],"about":[{"href":"https:\/\/www.pensionadoatahualpa.edu.ec\/web\/wp-json\/wp\/v2\/types\/page"}],"author":[{"embeddable":true,"href":"https:\/\/www.pensionadoatahualpa.edu.ec\/web\/wp-json\/wp\/v2\/users\/877"}],"replies":[{"embeddable":true,"href":"https:\/\/www.pensionadoatahualpa.edu.ec\/web\/wp-json\/wp\/v2\/comments?post=5962"}],"version-history":[{"count":31,"href":"https:\/\/www.pensionadoatahualpa.edu.ec\/web\/wp-json\/wp\/v2\/pages\/5962\/revisions"}],"predecessor-version":[{"id":8981,"href":"https:\/\/www.pensionadoatahualpa.edu.ec\/web\/wp-json\/wp\/v2\/pages\/5962\/revisions\/8981"}],"wp:attachment":[{"href":"https:\/\/www.pensionadoatahualpa.edu.ec\/web\/wp-json\/wp\/v2\/media?parent=5962"}],"wp:term":[{"taxonomy":"yst_prominent_words","embeddable":true,"href":"https:\/\/www.pensionadoatahualpa.edu.ec\/web\/wp-json\/wp\/v2\/yst_prominent_words?post=5962"}],"curies":[{"name":"wp","href":"https:\/\/api.w.org\/{rel}","templated":true}]}}