{"id":5956,"date":"2017-12-01T12:27:31","date_gmt":"2017-12-01T17:27:31","guid":{"rendered":"https:\/\/www.pensionadoatahualpa.edu.ec\/web\/?page_id=5956"},"modified":"2025-03-10T14:06:07","modified_gmt":"2025-03-10T19:06:07","slug":"historia","status":"publish","type":"page","link":"https:\/\/www.pensionadoatahualpa.edu.ec\/web\/historia\/","title":{"rendered":"HISTORIA"},"content":{"rendered":"[vc_row fullwidth=\u00bbtrue\u00bb][vc_column][vc_column_text css=\u00bb.vc_custom_1518188625574{margin-bottom: 0px !important;}\u00bb]<img loading=\"lazy\" class=\"aligncenter wp-image-6234 size-full\" src=\"https:\/\/www.pensionadoatahualpa.edu.ec\/web\/wp-content\/uploads\/2018\/02\/head-historia.jpg\" alt=\"\" width=\"1920\" height=\"400\" srcset=\"https:\/\/www.pensionadoatahualpa.edu.ec\/web\/wp-content\/uploads\/2018\/02\/head-historia.jpg 1920w, https:\/\/www.pensionadoatahualpa.edu.ec\/web\/wp-content\/uploads\/2018\/02\/head-historia-300x63.jpg 300w, https:\/\/www.pensionadoatahualpa.edu.ec\/web\/wp-content\/uploads\/2018\/02\/head-historia-768x160.jpg 768w, https:\/\/www.pensionadoatahualpa.edu.ec\/web\/wp-content\/uploads\/2018\/02\/head-historia-1024x213.jpg 1024w\" sizes=\"(max-width: 1920px) 100vw, 1920px\" \/>[\/vc_column_text][\/vc_column][\/vc_row][vc_row][vc_column width=\u00bb1\/2&#8243;][mk_fancy_title font_family=\u00bbnone\u00bb]\n<h3 style=\"text-align: center;\">HISTORIA DEL PENSIONADO ATAHUALPA<\/h3>\n<h5 style=\"text-align: center;\">VIDEO (51 min.)<\/h5>\n[\/mk_fancy_title][mk_title_box highlight_opacity=\u00bb0&#8243; font_family=\u00bbnone\u00bb]\n<p style=\"text-align: center;\"><iframe loading=\"lazy\" src=\"https:\/\/player.vimeo.com\/video\/254472970\" width=\"500\" height=\"291\" frameborder=\"0\" allowfullscreen=\"allowfullscreen\"><span data-mce-type=\"bookmark\" style=\"display: inline-block; width: 0px; overflow: hidden; line-height: 0;\" class=\"mce_SELRES_start\">\ufeff<\/span><\/iframe><\/p>\n[\/mk_title_box][\/vc_column][vc_column width=\u00bb1\/2&#8243;][vc_column_text css=\u00bb.vc_custom_1741633564449{margin-bottom: 0px !important;}\u00bb]Nuestra Instituci\u00f3n naci\u00f3 en 1958 motivada por el entusiasmo y buena voluntad de nueve padres de familia, que descontentos con el sistema educativo de aquella \u00e9poca, decidieron crear un establecimiento educativo que est\u00e9 a la vanguardia pedag\u00f3gica y administrativa en el \u00e1rea escolar.<\/p>\n<p>As\u00ed, comenz\u00f3 la historia de la primera instituci\u00f3n particular laica del Norte del pa\u00eds, una escuela sin fines de lucro y administrada por padres de familia. El destacado y joven maestro Bol\u00edvar Cevallos, director y docente junto al Ing. Fausto Endara como Presidente del Comit\u00e9 Ejecutivo de Padres de familia, iniciaron la historia de una Instituci\u00f3n, que 67 a\u00f1os despu\u00e9s, constituye un referente en el pa\u00eds.<\/p>\n<p>El nombre de la instituci\u00f3n es un homenaje al \u00faltimo Inca del Tahuantinsuyo, que nace en las entra\u00f1as de Caranqui: Atahualpa.<\/p>\n<p>Luego de 67 a\u00f1os de esfuerzo y fecunda labor, se ha consolidado como una Unidad Educativa al servicio de la ni\u00f1ez y juventud de Imbabura, brindando los servicios de: Educaci\u00f3n Inicial, Educaci\u00f3n General B\u00e1sica, Bachillerato General Unificado y, Bachillerato Internacional.<\/p>\n<p>Sus estudiantes han dejado en alto el nombre de la instituci\u00f3n en lo acad\u00e9mico, cultural y deportivo, con grandes logros y reconocimientos.<\/p>\n<p>El Pensionado Atahualpa se proyecta como una instituci\u00f3n con educaci\u00f3n de excelencia para formar mejores seres humanos, capaces de generar cambios positivos en la sociedad moderna.[\/vc_column_text][\/vc_column][\/vc_row]\n","protected":false},"excerpt":{"rendered":"<p>[vc_row fullwidth=\u00bbtrue\u00bb][vc_column][vc_column_text css=\u00bb.vc_custom_1518188625574{margin-bottom: 0px !important;}\u00bb][\/vc_column_text][\/vc_column][\/vc_row][vc_row][vc_column width=\u00bb1\/2&#8243;][mk_fancy_title font_family=\u00bbnone\u00bb] HISTORIA DEL PENSIONADO ATAHUALPA VIDEO (51 min.) [\/mk_fancy_title][mk_title_box highlight_opacity=\u00bb0&#8243; font_family=\u00bbnone\u00bb] \ufeff [\/mk_title_box][\/vc_column][vc_column width=\u00bb1\/2&#8243;][vc_column_text css=\u00bb.vc_custom_1741633564449{margin-bottom: 0px !important;}\u00bb]Nuestra Instituci\u00f3n naci\u00f3 en 1958 motivada por el entusiasmo y buena voluntad de nueve padres de familia, que descontentos con el sistema educativo de aquella \u00e9poca, decidieron crear un establecimiento educativo que est\u00e9 [&hellip;]<\/p>\n","protected":false},"author":877,"featured_media":0,"parent":0,"menu_order":0,"comment_status":"closed","ping_status":"closed","template":"","meta":{"_monsterinsights_skip_tracking":false,"_monsterinsights_sitenote_active":false,"_monsterinsights_sitenote_note":"","_monsterinsights_sitenote_category":0},"yst_prominent_words":[103,55,73,53,99,98,95,96,105,101,97,94,100,104,102],"_links":{"self":[{"href":"https:\/\/www.pensionadoatahualpa.edu.ec\/web\/wp-json\/wp\/v2\/pages\/5956"}],"collection":[{"href":"https:\/\/www.pensionadoatahualpa.edu.ec\/web\/wp-json\/wp\/v2\/pages"}],"about":[{"href":"https:\/\/www.pensionadoatahualpa.edu.ec\/web\/wp-json\/wp\/v2\/types\/page"}],"author":[{"embeddable":true,"href":"https:\/\/www.pensionadoatahualpa.edu.ec\/web\/wp-json\/wp\/v2\/users\/877"}],"replies":[{"embeddable":true,"href":"https:\/\/www.pensionadoatahualpa.edu.ec\/web\/wp-json\/wp\/v2\/comments?post=5956"}],"version-history":[{"count":63,"href":"https:\/\/www.pensionadoatahualpa.edu.ec\/web\/wp-json\/wp\/v2\/pages\/5956\/revisions"}],"predecessor-version":[{"id":9408,"href":"https:\/\/www.pensionadoatahualpa.edu.ec\/web\/wp-json\/wp\/v2\/pages\/5956\/revisions\/9408"}],"wp:attachment":[{"href":"https:\/\/www.pensionadoatahualpa.edu.ec\/web\/wp-json\/wp\/v2\/media?parent=5956"}],"wp:term":[{"taxonomy":"yst_prominent_words","embeddable":true,"href":"https:\/\/www.pensionadoatahualpa.edu.ec\/web\/wp-json\/wp\/v2\/yst_prominent_words?post=5956"}],"curies":[{"name":"wp","href":"https:\/\/api.w.org\/{rel}","templated":true}]}}