{"id":5,"date":"2015-06-10T09:45:25","date_gmt":"2015-06-10T09:45:25","guid":{"rendered":"http:\/\/demos.artbees.net\/jupiter5\/thebe\/?page_id=5"},"modified":"2026-02-20T12:16:48","modified_gmt":"2026-02-20T17:16:48","slug":"inicio","status":"publish","type":"page","link":"https:\/\/www.pensionadoatahualpa.edu.ec\/web\/","title":{"rendered":"INICIO"},"content":{"rendered":"[mk_page_section bg_repeat=\u00bbno-repeat\u00bb bg_stretch=\u00bbtrue\u00bb video_opacity=\u00bb0&#8243; full_width=\u00bbtrue\u00bb padding_top=\u00bb0&#8243; padding_bottom=\u00bb0&#8243; first_page=\u00bbfalse\u00bb last_page=\u00bbfalse\u00bb sidebar=\u00bbsidebar-1&#8243;][vc_column][mk_layerslider id=\u00bb1&#8243; visibility=\u00bbhidden-sm\u00bb][mk_padding_divider][\/vc_column][\/mk_page_section][vc_row visibility=\u00bbhidden-sm\u00bb][vc_column width=\u00bb1\/6&#8243;][vc_column_text css=\u00bb.vc_custom_1712851067109{margin-bottom: 0px !important;}\u00bb]REDES SOCIALES[\/vc_column_text][\/vc_column][vc_column width=\u00bb1\/6&#8243;][vc_btn title=\u00bbFacebook\u00bb style=\u00bb3d\u00bb color=\u00bbprimary\u00bb i_icon_fontawesome=\u00bbfab fa-facebook\u00bb add_icon=\u00bbtrue\u00bb link=\u00bburl:https%3A%2F%2Fwww.facebook.com%2Fueipaoficial|target:_blank\u00bb][\/vc_column][vc_column width=\u00bb1\/6&#8243;][vc_btn title=\u00bbInstagram\u00bb style=\u00bb3d\u00bb color=\u00bbdanger\u00bb i_icon_fontawesome=\u00bbfab fa-instagram\u00bb add_icon=\u00bbtrue\u00bb link=\u00bburl:https%3A%2F%2Fwww.instagram.com%2Fpensionadoatahualpa%2F|target:_blank\u00bb][\/vc_column][vc_column width=\u00bb1\/6&#8243;][vc_column_text css=\u00bb.vc_custom_1559758164930{margin-bottom: 0px !important;}\u00bb]\n<p style=\"text-align: right;\">ACCESOS DIRECTOS<\/p>\n[\/vc_column_text][\/vc_column][vc_column width=\u00bb1\/6&#8243;][vc_single_image image=\u00bb7439&#8243; img_size=\u00bb183&#215;96&#8243; add_caption=\u00bbyes\u00bb alignment=\u00bbright\u00bb onclick=\u00bbcustom_link\u00bb img_link_target=\u00bb_blank\u00bb link=\u00bbhttps:\/\/mail.google.com\/a\/pensionadoatahualpa.edu.ec\u00bb][\/vc_column][vc_column width=\u00bb1\/6&#8243;][vc_single_image image=\u00bb7103&#8243; img_size=\u00bbfull\u00bb add_caption=\u00bbyes\u00bb alignment=\u00bbcenter\u00bb onclick=\u00bbcustom_link\u00bb link=\u00bbhttps:\/\/virtual.pensionadoatahualpa.edu.ec\/login\/index.php\u00bb][\/vc_column][\/vc_row][vc_row][vc_column width=\u00bb1\/2&#8243;][vc_single_image image=\u00bb9801&#8243; img_size=\u00bbfull\u00bb alignment=\u00bbcenter\u00bb][\/vc_column][vc_column width=\u00bb1\/2&#8243;][vc_single_image image=\u00bb9802&#8243; img_size=\u00bbfull\u00bb alignment=\u00bbcenter\u00bb][\/vc_column][\/vc_row][vc_row][vc_column][vc_video host=\u00bbself_hosted\u00bb mp4=\u00bbhttps:\/\/www.pensionadoatahualpa.edu.ec\/web\/wp-content\/uploads\/2026\/02\/edicion-ueipa-v3-19-02-2026-68-anos-1.mp4&#8243;][mk_padding_divider][mk_fancy_title color=\u00bb#222222&#8243; size=\u00bb30&#8243; font_weight=\u00bb300&#8243; txt_transform=\u00bbcapitalize\u00bb margin_bottom=\u00bb15&#8243; font_family=\u00bbMontserrat\u00bb font_type=\u00bbgoogle\u00bb]\n<h2 style=\"text-align: center;\">OFERTA EDUCATIVA<\/h2>\n[\/mk_fancy_title][\/vc_column][\/vc_row][mk_page_section bg_repeat=\u00bbno-repeat\u00bb bg_stretch=\u00bbtrue\u00bb full_width=\u00bbtrue\u00bb padding_top=\u00bb0&#8243; padding_bottom=\u00bb0&#8243; first_page=\u00bbfalse\u00bb last_page=\u00bbfalse\u00bb sidebar=\u00bbsidebar-1&#8243;][vc_column width=\u00bb1\/4&#8243;][ucaddon_uc_image_carousel_content image=\u00bb9161&#8243; bg_color=\u00bb#232449&#8243; title=\u00bbEDUCACI\u00d3N INICIAL\u00bb title_color=\u00bb#ffffff\u00bb btn_text=\u00bbVer m\u00e1s\u00bb btn_color=\u00bb#ffffff\u00bb link=\u00bbhttps:\/\/www.pensionadoatahualpa.edu.ec\/web\/ueipacitos\/\u00bb uc_fonts_data=\u00bbJTdCJTdE\u00bb][\/ucaddon_uc_image_carousel_content][\/vc_column][vc_column width=\u00bb1\/4&#8243;][ucaddon_uc_image_carousel_content image=\u00bb9159&#8243; bg_color=\u00bb#232449&#8243; title=\u00bbEDUCACI\u00d3N B\u00c1SICA\u00bb title_color=\u00bb#ffffff\u00bb btn_text=\u00bbVer m\u00e1s\u00bb btn_color=\u00bb#ffffff\u00bb link=\u00bbhttps:\/\/www.pensionadoatahualpa.edu.ec\/web\/educacion-basica\/\u00bb uc_fonts_data=\u00bbJTdCJTIydGl0bGUlMjIlM0ElN0IlMjJmb250LXNpemUlMjIlM0ElMjIxMnB4JTIyJTdEJTdE\u00bb][\/ucaddon_uc_image_carousel_content][\/vc_column][vc_column width=\u00bb1\/4&#8243;][ucaddon_uc_image_carousel_content image=\u00bb9163&#8243; bg_color=\u00bb#232449&#8243; title=\u00bbBACHILLERATO GENERAL UNIFICADO\u00bb title_color=\u00bb#ffffff\u00bb content_color=\u00bb#ffffff\u00bb btn_text=\u00bbVer m\u00e1s\u00bb btn_color=\u00bb#ffffff\u00bb link=\u00bbhttps:\/\/www.pensionadoatahualpa.edu.ec\/web\/bachillerato\/\u00bb uc_fonts_data=\u00bbJTdCJTIydGl0bGUlMjIlM0ElN0IlMjJmb250LXNpemUlMjIlM0ElMjIxMnB4JTIyJTdEJTdE\u00bb][\/ucaddon_uc_image_carousel_content][\/vc_column][vc_column width=\u00bb1\/4&#8243;][ucaddon_uc_image_carousel_content image=\u00bb9165&#8243; bg_color=\u00bb#232449&#8243; title=\u00bbBACHILLERATO INTERNACIONAL I.B.\u00bb title_color=\u00bb#ffffff\u00bb content_color=\u00bb#ffffff\u00bb btn_text=\u00bbVer m\u00e1s\u00bb btn_color=\u00bb#ffffff\u00bb link=\u00bbhttps:\/\/www.pensionadoatahualpa.edu.ec\/web\/b-i\/\u00bb uc_fonts_data=\u00bbJTdCJTIydGl0bGUlMjIlM0ElN0IlMjJmb250LXNpemUlMjIlM0ElMjIxMnB4JTIyJTdEJTdE\u00bb][\/ucaddon_uc_image_carousel_content][\/vc_column][\/mk_page_section][mk_page_section bg_repeat=\u00bbno-repeat\u00bb bg_stretch=\u00bbtrue\u00bb full_width=\u00bbtrue\u00bb padding_top=\u00bb0&#8243; padding_bottom=\u00bb0&#8243; first_page=\u00bbfalse\u00bb last_page=\u00bbfalse\u00bb sidebar=\u00bbsidebar-1&#8243;][vc_column width=\u00bb1\/4&#8243;][\/vc_column][vc_column width=\u00bb1\/2&#8243;][mk_padding_divider][\/vc_column][\/mk_page_section][mk_page_section bg_image=\u00bbhttps:\/\/www.pensionadoatahualpa.edu.ec\/web\/wp-content\/uploads\/2023\/10\/img_6705-3-scaled.jpg\u00bb attachment=\u00bbfixed\u00bb bg_position=\u00bbcenter center\u00bb bg_repeat=\u00bbno-repeat\u00bb bg_stretch=\u00bbtrue\u00bb enable_3d=\u00bbtrue\u00bb video_color_mask=\u00bbrgba(0,0,0,0.7)\u00bb video_opacity=\u00bb0.1&#8243; min_height=\u00bb0&#8243; full_width=\u00bbtrue\u00bb full_height=\u00bbtrue\u00bb padding_top=\u00bb120&#8243; padding_bottom=\u00bb140&#8243; first_page=\u00bbfalse\u00bb last_page=\u00bbfalse\u00bb sidebar=\u00bbsidebar-1&#8243;][vc_column][mk_padding_divider size=\u00bb20&#8243;][vc_row_inner padding=\u00bb0&#8243;][vc_column_inner width=\u00bb1\/6&#8243;][\/vc_column_inner][vc_column_inner width=\u00bb2\/3&#8243;][\/vc_column_inner][vc_column_inner width=\u00bb1\/6&#8243;][\/vc_column_inner][\/vc_row_inner][\/vc_column][\/mk_page_section][mk_page_section layout_structure=\u00bbhalf_left\u00bb bg_image=\u00bbhttps:\/\/www.pensionadoatahualpa.edu.ec\/web\/wp-content\/uploads\/2023\/10\/diseno-sin-titulo-6.png\u00bb min_height=\u00bb0&#8243; padding_top=\u00bb80&#8243; padding_bottom=\u00bb120&#8243; first_page=\u00bbfalse\u00bb last_page=\u00bbfalse\u00bb][vc_column css=\u00bb.vc_custom_1434016008793{padding-left: -100px !important;}\u00bb][mk_fancy_title color=\u00bb#222222&#8243; size=\u00bb30&#8243; font_weight=\u00bb300&#8243; txt_transform=\u00bbcapitalize\u00bb margin_bottom=\u00bb15&#8243; font_family=\u00bbMontserrat\u00bb font_type=\u00bbgoogle\u00bb]Modernas instalaciones[\/mk_fancy_title][vc_column_text disable_pattern=\u00bbfalse\u00bb css=\u00bb.vc_custom_1771598883213{margin-bottom: 0px !important;}\u00bb]Con una trayectoria de 67 a\u00f1os de vida institucional, el Pensionado Atahualpa se encuentra asentado en un amplio campus de 4 ha. equipado con modernas y funcionales instalaciones para facilitar la tarea educativa, con aulas equipadas con tecnolog\u00eda de punta, internet, salas de trabajo especializadas para artes, teatro-cinema, modernos laboratorios, biblioteca, bar-comedor, canchas deportivas y amplios espacios verdes.[\/vc_column_text][mk_button dimension=\u00bboutline\u00bb corner_style=\u00bbrounded\u00bb size=\u00bbx-large\u00bb icon=\u00bbmk-li-video\u00bb url=\u00bbhttps:\/\/www.pensionadoatahualpa.edu.ec\/web\/tour-virtual\/\u00bb align=\u00bbcenter\u00bb margin_top=\u00bb15&#8243; margin_bottom=\u00bb0&#8243; outline_skin=\u00bbcustom\u00bb outline_active_color=\u00bb#232449&#8243; outline_active_text_color=\u00bb#232449&#8243; outline_hover_color=\u00bb#eaeaea\u00bb]Tour Virtual[\/mk_button][\/vc_column][\/mk_page_section][mk_page_section bg_image=\u00bbhttps:\/\/www.pensionadoatahualpa.edu.ec\/web\/wp-content\/uploads\/2023\/10\/diseno-sin-titulo-4.png\u00bb attachment=\u00bbfixed\u00bb bg_position=\u00bbcenter center\u00bb bg_repeat=\u00bbno-repeat\u00bb bg_stretch=\u00bbtrue\u00bb video_color_mask=\u00bbrgba(0,0,0,0.7)\u00bb min_height=\u00bb0&#8243; padding_top=\u00bb120&#8243; padding_bottom=\u00bb120&#8243; first_page=\u00bbfalse\u00bb last_page=\u00bbfalse\u00bb sidebar=\u00bbsidebar-1&#8243;][vc_column][mk_fancy_title color=\u00bb#ffffff\u00bb size=\u00bb48&#8243; font_weight=\u00bb300&#8243; txt_transform=\u00bbcapitalize\u00bb margin_bottom=\u00bb15&#8243; font_family=\u00bbMontserrat\u00bb font_type=\u00bbgoogle\u00bb align=\u00bbcenter\u00bb]Pensionado Atahualpa[\/mk_fancy_title][vc_column_text disable_pattern=\u00bbfalse\u00bb align=\u00bbcenter\u00bb css=\u00bb.vc_custom_1516318837298{margin-bottom: 0px !important;}\u00bb]\n<div style=\"color: #fff; font-size: 14px;\">Educaci\u00f3n de calidad con calid\u00e9z. Formamos seres humanos con principios y valores para una sociedad mejor, aportando al progreso de nuestro pa\u00eds.<\/div>\n[\/vc_column_text][vc_row_inner padding=\u00bb0&#8243;][vc_column_inner width=\u00bb2\/6&#8243;][mk_padding_divider size=\u00bb100&#8243;][mk_fancy_title color=\u00bb#ffffff\u00bb size=\u00bb18&#8243; font_weight=\u00bbbold\u00bb txt_transform=\u00bbcapitalize\u00bb margin_bottom=\u00bb18&#8243; font_family=\u00bbMontserrat\u00bb font_type=\u00bbgoogle\u00bb align=\u00bbright\u00bb]Docentes Especializados[\/mk_fancy_title][vc_column_text disable_pattern=\u00bbfalse\u00bb align=\u00bbright\u00bb css=\u00bb.vc_custom_1516464951520{margin-bottom: 0px !important;}\u00bb]<span style=\"color: #ffffff;\">Cuerpo docente de primer nivel, con amplia experiencia pedag\u00f3gica y en permanente proceso de capacitaci\u00f3n y actualizaci\u00f3n.\u00a0 Es nuestro principal puntal para lograr una educaci\u00f3n de calidad.<\/span>[\/vc_column_text][\/vc_column_inner][vc_column_inner width=\u00bb1\/6&#8243;][mk_padding_divider size=\u00bb80&#8243;][mk_font_icons icon=\u00bbmk-li-user\u00bb color=\u00bb#ffffff\u00bb size=\u00bbxx-large\u00bb circle=\u00bbtrue\u00bb circle_color=\u00bbrgba(255,255,255,0.4)\u00bb align=\u00bbright\u00bb][\/vc_column_inner][vc_column_inner width=\u00bb1\/6&#8243;][mk_padding_divider size=\u00bb80&#8243;][mk_font_icons icon=\u00bbmk-moon-certificate\u00bb color=\u00bb#ffffff\u00bb size=\u00bbxx-large\u00bb circle=\u00bbtrue\u00bb circle_color=\u00bbrgba(255,255,255,0.4)\u00bb align=\u00bbleft\u00bb][\/vc_column_inner][vc_column_inner width=\u00bb2\/6&#8243;][mk_padding_divider size=\u00bb100&#8243;][mk_fancy_title color=\u00bb#ffffff\u00bb size=\u00bb18&#8243; font_weight=\u00bbbold\u00bb txt_transform=\u00bbcapitalize\u00bb margin_bottom=\u00bb18&#8243; font_family=\u00bbMontserrat\u00bb font_type=\u00bbgoogle\u00bb]Certificaci\u00f3n internacional[\/mk_fancy_title][vc_column_text disable_pattern=\u00bbfalse\u00bb css=\u00bb.vc_custom_1516464722457{margin-bottom: 0px !important;}\u00bb]<span style=\"color: #ffffff;\">Certificaci\u00f3n de Bachillerato Internacional I.B., dando cumplimiento a las exigencias y elevados est\u00e1ndares de calidad educativa y acad\u00e9mica.<\/span>[\/vc_column_text][\/vc_column_inner][\/vc_row_inner][vc_row_inner padding=\u00bb0&#8243;][vc_column_inner width=\u00bb2\/6&#8243;][mk_padding_divider size=\u00bb80&#8243;][mk_fancy_title color=\u00bb#ffffff\u00bb size=\u00bb18&#8243; font_weight=\u00bbbold\u00bb txt_transform=\u00bbcapitalize\u00bb margin_bottom=\u00bb18&#8243; font_family=\u00bbMontserrat\u00bb font_type=\u00bbgoogle\u00bb align=\u00bbright\u00bb]Aprendizaje de idiomas[\/mk_fancy_title][vc_column_text disable_pattern=\u00bbfalse\u00bb align=\u00bbright\u00bb css=\u00bb.vc_custom_1521078806091{margin-bottom: 0px !important;}\u00bb]<span style=\"color: #ffffff;\">Creemos en un mundo globalizado, m\u00e1s humanizado en donde la comunicaci\u00f3n es la llave del progreso. Los estudiantes desde la etapa de Educaci\u00f3n Inicial hasta el Bachillerato reciben 10 horas semanales de idiomas extranjeros: Ingl\u00e9s y Franc\u00e9s. Los conocimientos adquiridos les permite acceder a certificados de proficiencia y ex\u00e1menes para estudios en el exterior o viajar.<br \/>\n<\/span>[\/vc_column_text][\/vc_column_inner][vc_column_inner width=\u00bb1\/6&#8243;][mk_padding_divider size=\u00bb60&#8243;][mk_font_icons icon=\u00bbmk-icon-child\u00bb color=\u00bb#ffffff\u00bb size=\u00bbxx-large\u00bb circle=\u00bbtrue\u00bb circle_color=\u00bbrgba(255,255,255,0.4)\u00bb align=\u00bbright\u00bb][\/vc_column_inner][vc_column_inner width=\u00bb1\/6&#8243;][mk_padding_divider size=\u00bb60&#8243;][mk_font_icons icon=\u00bbmk-icon-cogs\u00bb color=\u00bb#ffffff\u00bb size=\u00bbxx-large\u00bb circle=\u00bbtrue\u00bb circle_color=\u00bbrgba(255,255,255,0.4)\u00bb align=\u00bbleft\u00bb][\/vc_column_inner][vc_column_inner width=\u00bb2\/6&#8243;][mk_padding_divider size=\u00bb80&#8243;][mk_fancy_title color=\u00bb#ffffff\u00bb size=\u00bb18&#8243; font_weight=\u00bbbold\u00bb txt_transform=\u00bbcapitalize\u00bb margin_bottom=\u00bb18&#8243; font_family=\u00bbMontserrat\u00bb font_type=\u00bbgoogle\u00bb]Un modelo de gesti\u00f3n diferente[\/mk_fancy_title][vc_column_text disable_pattern=\u00bbfalse\u00bb css=\u00bb.vc_custom_1516320321612{margin-bottom: 0px !important;}\u00bb]<span style=\"color: #ffffff;\">Los Padres de Familia forman parte escencial del proceso educativo. Un modelo de gesti\u00f3n diferente en donde las decisiones en el orden acad\u00e9mico y administrativo son tomadas por sus representantes y gu\u00edan el desempe\u00f1o cotidiano de la instituci\u00f3n.<\/span>[\/vc_column_text][\/vc_column_inner][\/vc_row_inner][mk_padding_divider size=\u00bb60&#8243;][\/vc_column][\/mk_page_section][mk_page_section bg_color=\u00bb#232449&#8243; video_opacity=\u00bb0.3&#8243; min_height=\u00bb0&#8243; padding_top=\u00bb25&#8243; padding_bottom=\u00bb15&#8243; first_page=\u00bbfalse\u00bb last_page=\u00bbfalse\u00bb sidebar=\u00bbsidebar-1&#8243;][vc_column width=\u00bb1\/4&#8243;][mk_milestone icon=\u00bbmk-li-users\u00bb icon_size=\u00bblarge\u00bb align=\u00bbcenter\u00bb icon_color=\u00bb#ffffff\u00bb stop=\u00bb728&#8243; speed=\u00bb1850&#8243; text=\u00bbEstudiantes\u00bb text_color=\u00bb#ffffff\u00bb text_size=\u00bb36&#8243; font_family=\u00bbMontserrat\u00bb font_type=\u00bbgoogle\u00bb font_weight=\u00bb300&#8243; desc_size=\u00bb18&#8243;][\/vc_column][vc_column width=\u00bb1\/4&#8243;][mk_milestone icon=\u00bbmk-moon-user-7&#8243; icon_size=\u00bblarge\u00bb align=\u00bbcenter\u00bb icon_color=\u00bb#ffffff\u00bb stop=\u00bb59&#8243; text=\u00bbDocentes\u00bb text_color=\u00bb#ffffff\u00bb text_size=\u00bb36&#8243; font_family=\u00bbMontserrat\u00bb font_type=\u00bbgoogle\u00bb font_weight=\u00bb300&#8243; desc_size=\u00bb18&#8243;][\/vc_column][vc_column width=\u00bb1\/4&#8243;][mk_milestone icon=\u00bbmk-li-photo\u00bb icon_size=\u00bblarge\u00bb align=\u00bbcenter\u00bb icon_color=\u00bb#ffffff\u00bb stop=\u00bb4&#8243; text=\u00bbHect\u00e1reas de campus\u00bb text_color=\u00bb#ffffff\u00bb text_size=\u00bb36&#8243; font_family=\u00bbMontserrat\u00bb font_type=\u00bbgoogle\u00bb font_weight=\u00bb300&#8243; desc_size=\u00bb18&#8243;][\/vc_column][vc_column width=\u00bb1\/4&#8243;][mk_milestone icon=\u00bbmk-icon-group\u00bb icon_size=\u00bblarge\u00bb align=\u00bbcenter\u00bb icon_color=\u00bb#ffffff\u00bb start=\u00bb1&#8243; stop=\u00bb25&#8243; text=\u00bbEstudiantes por aula\u00bb text_color=\u00bb#ffffff\u00bb text_size=\u00bb36&#8243; font_family=\u00bbMontserrat\u00bb font_type=\u00bbgoogle\u00bb font_weight=\u00bb300&#8243; desc_size=\u00bb18&#8243;][\/vc_column][\/mk_page_section][vc_row][vc_column][\/vc_column][\/vc_row]\n","protected":false},"excerpt":{"rendered":"<p>[mk_page_section bg_repeat=\u00bbno-repeat\u00bb bg_stretch=\u00bbtrue\u00bb video_opacity=\u00bb0&#8243; full_width=\u00bbtrue\u00bb padding_top=\u00bb0&#8243; padding_bottom=\u00bb0&#8243; first_page=\u00bbfalse\u00bb last_page=\u00bbfalse\u00bb sidebar=\u00bbsidebar-1&#8243;][vc_column][mk_layerslider id=\u00bb1&#8243; visibility=\u00bbhidden-sm\u00bb][mk_padding_divider][\/vc_column][\/mk_page_section][vc_row visibility=\u00bbhidden-sm\u00bb][vc_column width=\u00bb1\/6&#8243;][vc_column_text css=\u00bb.vc_custom_1712851067109{margin-bottom: 0px !important;}\u00bb]REDES SOCIALES[\/vc_column_text][\/vc_column][vc_column width=\u00bb1\/6&#8243;][vc_btn title=\u00bbFacebook\u00bb style=\u00bb3d\u00bb color=\u00bbprimary\u00bb i_icon_fontawesome=\u00bbfab fa-facebook\u00bb add_icon=\u00bbtrue\u00bb link=\u00bburl:https%3A%2F%2Fwww.facebook.com%2Fueipaoficial|target:_blank\u00bb][\/vc_column][vc_column width=\u00bb1\/6&#8243;][vc_btn title=\u00bbInstagram\u00bb style=\u00bb3d\u00bb color=\u00bbdanger\u00bb i_icon_fontawesome=\u00bbfab fa-instagram\u00bb add_icon=\u00bbtrue\u00bb link=\u00bburl:https%3A%2F%2Fwww.instagram.com%2Fpensionadoatahualpa%2F|target:_blank\u00bb][\/vc_column][vc_column width=\u00bb1\/6&#8243;][vc_column_text css=\u00bb.vc_custom_1559758164930{margin-bottom: 0px !important;}\u00bb] ACCESOS DIRECTOS [\/vc_column_text][\/vc_column][vc_column width=\u00bb1\/6&#8243;][vc_single_image image=\u00bb7439&#8243; img_size=\u00bb183&#215;96&#8243; add_caption=\u00bbyes\u00bb alignment=\u00bbright\u00bb onclick=\u00bbcustom_link\u00bb img_link_target=\u00bb_blank\u00bb link=\u00bbhttps:\/\/mail.google.com\/a\/pensionadoatahualpa.edu.ec\u00bb][\/vc_column][vc_column width=\u00bb1\/6&#8243;][vc_single_image image=\u00bb7103&#8243; img_size=\u00bbfull\u00bb add_caption=\u00bbyes\u00bb alignment=\u00bbcenter\u00bb onclick=\u00bbcustom_link\u00bb [&hellip;]<\/p>\n","protected":false},"author":877,"featured_media":0,"parent":0,"menu_order":0,"comment_status":"open","ping_status":"open","template":"","meta":{"_monsterinsights_skip_tracking":false,"_monsterinsights_sitenote_active":false,"_monsterinsights_sitenote_note":"","_monsterinsights_sitenote_category":0},"yst_prominent_words":[],"_links":{"self":[{"href":"https:\/\/www.pensionadoatahualpa.edu.ec\/web\/wp-json\/wp\/v2\/pages\/5"}],"collection":[{"href":"https:\/\/www.pensionadoatahualpa.edu.ec\/web\/wp-json\/wp\/v2\/pages"}],"about":[{"href":"https:\/\/www.pensionadoatahualpa.edu.ec\/web\/wp-json\/wp\/v2\/types\/page"}],"author":[{"embeddable":true,"href":"https:\/\/www.pensionadoatahualpa.edu.ec\/web\/wp-json\/wp\/v2\/users\/877"}],"replies":[{"embeddable":true,"href":"https:\/\/www.pensionadoatahualpa.edu.ec\/web\/wp-json\/wp\/v2\/comments?post=5"}],"version-history":[{"count":355,"href":"https:\/\/www.pensionadoatahualpa.edu.ec\/web\/wp-json\/wp\/v2\/pages\/5\/revisions"}],"predecessor-version":[{"id":9810,"href":"https:\/\/www.pensionadoatahualpa.edu.ec\/web\/wp-json\/wp\/v2\/pages\/5\/revisions\/9810"}],"wp:attachment":[{"href":"https:\/\/www.pensionadoatahualpa.edu.ec\/web\/wp-json\/wp\/v2\/media?parent=5"}],"wp:term":[{"taxonomy":"yst_prominent_words","embeddable":true,"href":"https:\/\/www.pensionadoatahualpa.edu.ec\/web\/wp-json\/wp\/v2\/yst_prominent_words?post=5"}],"curies":[{"name":"wp","href":"https:\/\/api.w.org\/{rel}","templated":true}]}}